{"id":1132,"date":"2024-10-11T08:30:45","date_gmt":"2024-10-11T08:30:45","guid":{"rendered":"https:\/\/www.aircargobook.com\/?page_id=1132"},"modified":"2024-11-14T14:38:53","modified_gmt":"2024-11-14T14:38:53","slug":"ad-hoc-preis-rfs","status":"publish","type":"page","link":"https:\/\/www.aircargobook.com\/de\/unsere-loesungen\/ad-hoc-preis-rfs\/","title":{"rendered":"Ad-hoc-Preis (RFS)"},"content":{"rendered":"<div class=\"wpb-content-wrapper\"><p>[vc_row][vc_column][vc_column_text css=&#8220;&#8220;]<\/p>\n<h1 class=\"toparea__headline toparea__headline--default\">Ad Hoc Price (RFS)<\/h1>\n<p>Die verschiedenen Prozesse von Luftfrachtanfragen bringt viele Herausforderungen mit sich. Disponenten m\u00fcssen stets den \u00dcberblick \u00fcber ihre Lkw und Fahrer behalten, w\u00e4hrend sie gleichzeitig die Preise f\u00fcr eingehende Anfragen kalkulieren. Dabei gilt es, die Marge so hoch und die zus\u00e4tzlichen Kosten so niedrig wie m\u00f6glich zu halten. Die Schwierigkeit dieser Aufgabe zeigt sich in der hohen Zahl von Leerfahrten \u2013 allein in Deutschland waren es 2016 ganze 151 Millionen (Quelle: KBA) \u2013 was sich negativ auf Margen und Umwelt auswirkt.<\/p>\n<p><strong>Wir m\u00f6chten diese Probleme l\u00f6sen!<\/strong><\/p>\n<p>Mit aircargobook k\u00f6nnen Spediteure in weniger als einer Minute eine Anfrage erstellen und gezielt an Transportunternehmen senden. Das Beantworten dieser Anfragen geht sogar noch schneller und dank direkten Benachrichtigungen sowie einer digitalisierten Verwaltung aller frachtbezogenen Informationen wird diese Arbeit zu einer effizienten, angenehmen Aufgabe.<\/p>\n<p>[\/vc_column_text][\/vc_column][\/vc_row][vc_row][vc_column width=&#8220;1\/2&#8243;][vc_custom_heading text=&#8220;Eine Anfrage erstellen&#8220; google_fonts=&#8220;font_family:Open%20Sans%3A300%2C300italic%2Cregular%2Citalic%2C600%2C600italic%2C700%2C700italic%2C800%2C800italic|font_style:400%20regular%3A400%3Anormal&#8220; css=&#8220;&#8220;][vc_column_text css=&#8220;&#8220;]Transportunternehmen sind dankbar, wenn eine Anfrage klar formuliert ist und ohne R\u00fcckfragen quotiert werden kann. Wir verwenden unser Anfrageformular, um sicherzustellen, dass m\u00f6gliche Fragen bereits beantwortet sind, bevor die Anfrage abgeschickt wird. Anfragen \u00fcber aircargobook folgen einer klaren Struktur und vermeiden Missverst\u00e4ndnisse \u2013 zum Vorteil aller Beteiligten.[\/vc_column_text][\/vc_column][vc_column width=&#8220;1\/2&#8243;][vc_single_image image=&#8220;498&#8243; img_size=&#8220;full&#8220; css=&#8220;&#8220;][\/vc_column][\/vc_row][vc_row][vc_column width=&#8220;1\/2&#8243;][vc_single_image image=&#8220;504&#8243; img_size=&#8220;full&#8220; css=&#8220;&#8220;][\/vc_column][vc_column width=&#8220;1\/2&#8243;][vc_custom_heading text=&#8220;Auswahl der Empf\u00e4nger&#8220; google_fonts=&#8220;font_family:Open%20Sans%3A300%2C300italic%2Cregular%2Citalic%2C600%2C600italic%2C700%2C700italic%2C800%2C800italic|font_style:400%20regular%3A400%3Anormal&#8220; css=&#8220;&#8220;][vc_column_text css=&#8220;&#8220;]Bei der Auswahl der Empf\u00e4nger k\u00f6nnen Spediteure auf eine Liste von Transportunternehmen bei aircargobook zugreifen. Unsere Vorschl\u00e4ge lassen sich jedoch beliebig erweitern, und wir nehmen bestehende Transportpartner gerne in unser Portal auf.[\/vc_column_text][\/vc_column][\/vc_row][vc_row][vc_column width=&#8220;1\/2&#8243;][vc_custom_heading text=&#8220;Eine Anfrage quotieren&#8220; google_fonts=&#8220;font_family:Open%20Sans%3A300%2C300italic%2Cregular%2Citalic%2C600%2C600italic%2C700%2C700italic%2C800%2C800italic|font_style:400%20regular%3A400%3Anormal&#8220; css=&#8220;&#8220;][vc_column_text css=&#8220;&#8220;]Als Transportunternehmen m\u00f6chten Sie Ihren Kunden die Angebote so schnell und einfach wie m\u00f6glich zukommen lassen. Direkt \u00fcber das Portal k\u00f6nnen Preisvorschl\u00e4ge mit angef\u00fcgten Kommentaren eingereicht werden, die beiden Seiten auch nach dem Beschaffungsprozess zur Verf\u00fcgung stehen. So verlieren Sie keine Vereinbarungen aus den Augen und haben alle wichtigen Informationen jederzeit griffbereit.[\/vc_column_text][\/vc_column][vc_column width=&#8220;1\/2&#8243;][vc_single_image image=&#8220;507&#8243; img_size=&#8220;full&#8220; css=&#8220;&#8220;][\/vc_column][\/vc_row][vc_row][vc_column width=&#8220;1\/2&#8243;][vc_single_image image=&#8220;510&#8243; img_size=&#8220;full&#8220; css=&#8220;&#8220;][\/vc_column][vc_column width=&#8220;1\/2&#8243;][vc_custom_heading text=&#8220;Ein zentraler Anlaufpunkt&#8220; google_fonts=&#8220;font_family:Open%20Sans%3A300%2C300italic%2Cregular%2Citalic%2C600%2C600italic%2C700%2C700italic%2C800%2C800italic|font_style:400%20regular%3A400%3Anormal&#8220; css=&#8220;&#8220;][vc_column_text css=&#8220;&#8220;]Die traditionelle Vertragsabwicklung ist oft m\u00fchsam, da Frachtinformationen, Kommunikation und Angebote meist per E-Mail oder Telefon ausgetauscht werden. Ohne die richtige Disziplin oder geeignete Software ist es leicht, den \u00dcberblick zu verlieren. Hier kommen wir ins Spiel: Auf aircargobook sind alle Details von \u00fcberall und auf jedem Ger\u00e4t zug\u00e4nglich.[\/vc_column_text][\/vc_column][\/vc_row][vc_row][vc_column width=&#8220;1\/2&#8243;][vc_custom_heading text=&#8220;Navigation auf der Plattform&#8220; google_fonts=&#8220;font_family:Open%20Sans%3A300%2C300italic%2Cregular%2Citalic%2C600%2C600italic%2C700%2C700italic%2C800%2C800italic|font_style:400%20regular%3A400%3Anormal&#8220; css=&#8220;&#8220;][vc_column_text css=&#8220;&#8220;]Nach dem Einloggen auf aircargobook gestaltet sich die Navigation ganz einfach. Jede Frachtanfrage l\u00e4sst sich \u00fcber unser Dashboard sofort in der jeweiligen Liste finden, und eine \u00dcbersicht der neuesten Nachrichten f\u00fchrt Sie direkt zur entsprechenden Anfrage.[\/vc_column_text][\/vc_column][vc_column width=&#8220;1\/2&#8243;][vc_single_image image=&#8220;513&#8243; img_size=&#8220;full&#8220; css=&#8220;&#8220;][\/vc_column][\/vc_row][vc_row][vc_column]<section class=\"contact\">\n\t<div class=\"container\">\n\t\t<div class=\"row\">\n\t\t\t<div class=\"col-md-6\">\n\t\t\t\t<div class=\"contact-area-inner\">\n\t\t\t\t\t<h6>Erfahren Sie mehr \u00fcber aircargobook<\/h6>\n\t\t\t\t\t<h5>We offer seamless solutions for all your aircargo requirements<\/h5>\n\t\t\t\t\t<h2>Sounds interesting?<\/h2>\n\t\t\t\t\t<p>Once you submit your data, one of our experts will contact you to discover your needs and will present you with a tailored solution.<\/p>\n\t\t\t\t\t<small>Don't worry, we will not spam you with emails or phone calls.<\/small>\n\t\t\t\t<\/div>\n\n\t\t\t<\/div>\n\t\t\t<div class=\"col-md-6\">\n\t\t\t\t<div class=\"py-4\">\n\t\t\t\t\t<script\n\t\t\t\t\t\tsrc=\"https:\/\/aircargobook-601145879555511302.myfreshworks.com\/crm\/sales\/web_forms\/cd04833de9e1f5d07fbde1e53dc999afe044af5592fc3dbe0bf73c21c79e92dd\/form.js\"\n\t\t\t\t\t\tcrossorigin=\"anonymous\"\n\t\t\t\t\t\tid=\"cd04833de9e1f5d07fbde1e53dc999afe044af5592fc3dbe0bf73c21c79e92dd_448\"><\/script>\n\t\t\t\t<\/div>\n\t\t\t<\/div>\n\t\t<\/div>\n\t<\/div>\n<\/section>[\/vc_column][\/vc_row]<\/p>\n<\/div>","protected":false},"excerpt":{"rendered":"<p>[vc_row][vc_column][vc_column_text css=&#8220;&#8220;] Ad Hoc Price (RFS) Die verschiedenen Prozesse von Luftfrachtanfragen bringt viele Herausforderungen mit sich. Disponenten m\u00fcssen stets den \u00dcberblick \u00fcber ihre Lkw und Fahrer behalten, w\u00e4hrend sie gleichzeitig die Preise f\u00fcr eingehende Anfragen kalkulieren. Dabei gilt es, die Marge so hoch und die zus\u00e4tzlichen Kosten so niedrig wie m\u00f6glich zu halten. Die Schwierigkeit [&hellip;]<\/p>\n","protected":false},"author":1,"featured_media":0,"parent":88,"menu_order":6,"comment_status":"closed","ping_status":"closed","template":"templates\/product.php","meta":{"_acf_changed":false,"footnotes":""},"class_list":["post-1132","page","type-page","status-publish","hentry"],"acf":[],"_links":{"self":[{"href":"https:\/\/www.aircargobook.com\/de\/wp-json\/wp\/v2\/pages\/1132","targetHints":{"allow":["GET"]}}],"collection":[{"href":"https:\/\/www.aircargobook.com\/de\/wp-json\/wp\/v2\/pages"}],"about":[{"href":"https:\/\/www.aircargobook.com\/de\/wp-json\/wp\/v2\/types\/page"}],"author":[{"embeddable":true,"href":"https:\/\/www.aircargobook.com\/de\/wp-json\/wp\/v2\/users\/1"}],"replies":[{"embeddable":true,"href":"https:\/\/www.aircargobook.com\/de\/wp-json\/wp\/v2\/comments?post=1132"}],"version-history":[{"count":5,"href":"https:\/\/www.aircargobook.com\/de\/wp-json\/wp\/v2\/pages\/1132\/revisions"}],"predecessor-version":[{"id":1141,"href":"https:\/\/www.aircargobook.com\/de\/wp-json\/wp\/v2\/pages\/1132\/revisions\/1141"}],"up":[{"embeddable":true,"href":"https:\/\/www.aircargobook.com\/de\/wp-json\/wp\/v2\/pages\/88"}],"wp:attachment":[{"href":"https:\/\/www.aircargobook.com\/de\/wp-json\/wp\/v2\/media?parent=1132"}],"curies":[{"name":"wp","href":"https:\/\/api.w.org\/{rel}","templated":true}]}}