{"id":1244,"date":"2024-10-23T12:43:06","date_gmt":"2024-10-23T12:43:06","guid":{"rendered":"https:\/\/www.aircargobook.com\/?page_id=1244"},"modified":"2026-03-10T11:05:10","modified_gmt":"2026-03-10T11:05:10","slug":"truckingraten","status":"publish","type":"page","link":"https:\/\/www.aircargobook.com\/de\/unsere-loesungen\/truckingraten\/","title":{"rendered":"Truckingraten"},"content":{"rendered":"<div class=\"wpb-content-wrapper\"><p>[vc_row][vc_column][vc_custom_heading text=&#8220;Mehr Auftr\u00e4ge bei weniger Aufwand \u2013 mit effizientem Management Ihrer Frachtraten.&#8220; google_fonts=&#8220;font_family:Open%20Sans%3A300%2C300italic%2Cregular%2Citalic%2C600%2C600italic%2C700%2C700italic%2C800%2C800italic|font_style:400%20regular%3A400%3Anormal&#8220; css=&#8220;&#8220;][vc_column_text css=&#8220;&#8220;]Zeit ist Geld \u2013 besonders in der Logistik. Mit unserem intelligenten Frachtraten-Tool optimieren Sie Preisberechnungen und Angebote in Rekordzeit \u2013 und verschaffen sich so einen klaren Vorsprung im Tagesgesch\u00e4ft.[\/vc_column_text][vc_row_inner][vc_column_inner width=&#8220;1\/2&#8243;][vc_column_text css=&#8220;&#8220;]<strong>Ihre Vorteile<\/strong><\/p>\n<ul>\n<li><strong>Zentralisierte Raten\u00fcbersicht:<\/strong><br \/>\nVerschiedene Ratenbl\u00e4tter aus verschiedenen Quellen k\u00f6nnen durch \u00fcberlegte Standardtisierungen alle wichtigen Informationen f\u00fcr eine aussagekr\u00e4ftige Suche bereithalten. Somit erh\u00f6ht sich Ihre Flexibilit\u00e4t w\u00e4hrend der Organisationsaufwand sinkt.<\/li>\n<li><strong>Zonen basierte Preisgestaltung:<\/strong><br \/>\nUnser strukturiertes System verkn\u00fcpft Gewichtslimits und dazugeh\u00f6rige Raten mit Zonen und Flugh\u00e4fen, um bestm\u00f6gliche Transparenz bei der Preisfindung zu garantieren.<\/li>\n<li><strong>Anpassbare Zusatzkosten:<br \/>\n<\/strong>Auch m\u00f6gliche Zusatzkosten f\u00fcr Services und Material, lassen sich mit unserem Raten-Konzept m\u00fchelos darstellen, durchsuchen. und berechnen.<\/li>\n<\/ul>\n<p>[\/vc_column_text][\/vc_column_inner][vc_column_inner width=&#8220;1\/2&#8243;][vc_images_carousel images=&#8220;1376,1373&#8243; img_size=&#8220;full&#8220; autoplay=&#8220;yes&#8220; wrap=&#8220;yes&#8220; css=&#8220;&#8220;][\/vc_column_inner][\/vc_row_inner][vc_row_inner equal_height=&#8220;yes&#8220;][vc_column_inner width=&#8220;1\/2&#8243;][vc_column_text css=&#8220;&#8220;]<strong>Wir konvertieren Ihre Ratenbl\u00e4tter:<\/strong><\/p>\n<p class=\"p1\">Wir wissen: Der schwierigste Schritt ist oft, individuelle Ratenbl\u00e4tter in ein digitales System zu \u00fcberf\u00fchren.<br \/>\nDeshalb \u00fcbernimmt unser Support-Team das f\u00fcr Sie \u2013 <span class=\"s1\"><b>bis zu drei Umwandlungen pro Monat sind komplett kostenlos.<\/b><\/span><\/p>\n<p class=\"p1\">Unser Team hat bereits hunderte Ratenbl\u00e4tter aus unterschiedlichsten Quellen, Formaten und Systemen gepr\u00fcft. Dank eines bew\u00e4hrten Prozesses, der die Effizienz <span class=\"s1\"><b>k\u00fcnstlicher Intelligenz mit menschlicher Sorgfalt<\/b><\/span> kombiniert, garantieren wir zuverl\u00e4ssige und pr\u00e4zise Ergebnisse.<\/p>\n<p>[\/vc_column_text][\/vc_column_inner][vc_column_inner width=&#8220;1\/2&#8243;][vc_single_image image=&#8220;1232&#8243; img_size=&#8220;large&#8220; alignment=&#8220;center&#8220; css=&#8220;&#8220;][\/vc_column_inner][\/vc_row_inner][vc_row_inner][vc_column_inner width=&#8220;1\/4&#8243;][vc_images_carousel images=&#8220;1348,1351&#8243; img_size=&#8220;full&#8220; autoplay=&#8220;yes&#8220; wrap=&#8220;yes&#8220; css=&#8220;&#8220;][\/vc_column_inner][vc_column_inner width=&#8220;3\/4&#8243;][vc_column_text css=&#8220;&#8220;]<strong>Automatische Prozesse zu Ihrem Vorteil<\/strong><\/p>\n<p>Wir k\u00fcmmern uns nicht nur um die Raten-Verarbeitung. Auch bei der Berechnung von Frachtdaten, Volumengewichten, Lademetern und mehr kann unser Volumengewichts-Rechner Sie unterst\u00fctzen. F\u00fcgen Sie einfach einen Anfrage-Text ein und wir verarbeiten die Informationen f\u00fcr Sie.[\/vc_column_text][vc_column_text css=&#8220;&#8220;]<strong>Warum unsere L\u00f6sung?<\/strong><\/p>\n<p>Mehr Tempo, mehr Pr\u00e4zision \u2013 und ein echter Vorsprung im Wettbewerb. Unsere intuitive Plattform passt sich Ihren Abl\u00e4ufen an und macht Angebotserstellung schneller, einfacher und verl\u00e4sslicher als je zuvor.[\/vc_column_text][\/vc_column_inner][\/vc_row_inner][vc_row_inner][vc_column_inner width=&#8220;1\/2&#8243;][vc_single_image image=&#8220;936&#8243; img_size=&#8220;full&#8220; css=&#8220;&#8220;][\/vc_column_inner][vc_column_inner width=&#8220;1\/2&#8243;][vc_column_text css=&#8220;&#8220;]<strong>Innovative Zusammenarbeit:<\/strong><\/p>\n<p>Nutzen Sie die Chance, Ihre Arbeitsprozesse zu revolutionieren und sich einen entscheidenden Wettbewerbsvorteil zu sichern. Unsere benutzerfreundliche Plattform spart nicht nur wertvolle Ressourcen, sondern erh\u00f6ht auch die Genauigkeit und Verl\u00e4sslichkeit Ihrer Angebote.<br \/>\nEntdecken Sie das Potenzial Ihrer Preisstrategie \u2013 und gehen Sie den n\u00e4chsten Schritt in Richtung Innovation und Effizienz.[\/vc_column_text][vc_column_text css=&#8220;&#8220;]<strong>Are you ready to future-proof your pricing strategy? Melden Sie sich und wir optimieren Ihren Workflow <\/strong>[\/vc_column_text][\/vc_column_inner][\/vc_row_inner][\/vc_column][\/vc_row][vc_row][vc_column width=&#8220;1\/3&#8243;][vc_column_text css=&#8220;&#8220;]<\/p>\n<h4><strong>Native Zuschl\u00e4ge<\/strong><\/h4>\n<p>Diesel-, CO2, Feiertagszuschlag? Wir rechnen die Raten mit allen notwendigen Zuschl\u00e4ge und einer einfachen \u00dcbersicht zum dynamischen Hinzuf\u00fcgen[\/vc_column_text][\/vc_column][vc_column width=&#8220;1\/3&#8243;][vc_column_text css=&#8220;&#8220;]<\/p>\n<h4>Mit Zwischenstopps<\/h4>\n<p>60xxx -&gt; FRA so einfach wie 802xx -&gt; MUC -&gt; FRA mit und ohne \u00fcbergabe an einen Trucking Partner[\/vc_column_text][\/vc_column][vc_column width=&#8220;1\/3&#8243;][vc_column_text css=&#8220;&#8220;]<\/p>\n<h4>Auswetungen und Rohdaten<\/h4>\n<p>Wer hat die meisten Strecken gebucht? Was sind die Hauptlade und -entladestellen? Wie viele Anfragen hatten Sie \u00fcberhaupt letzten Monat?[\/vc_column_text][\/vc_column][\/vc_row][vc_row][vc_column]<section class=\"contact\">\n\t<div class=\"container\">\n\t\t<div class=\"row\">\n\t\t\t<div class=\"col-md-6\">\n\t\t\t\t<div class=\"contact-area-inner\">\n\t\t\t\t\t<h6>Erfahren Sie mehr \u00fcber aircargobook<\/h6>\n\t\t\t\t\t<h5>We offer seamless solutions for all your aircargo requirements<\/h5>\n\t\t\t\t\t<h2>Sounds interesting?<\/h2>\n\t\t\t\t\t<p>Once you submit your data, one of our experts will contact you to discover your needs and will present you with a tailored solution.<\/p>\n\t\t\t\t\t<small>Don't worry, we will not spam you with emails or phone calls.<\/small>\n\t\t\t\t<\/div>\n\n\t\t\t<\/div>\n\t\t\t<div class=\"col-md-6\">\n\t\t\t\t<div class=\"py-4\">\n\t\t\t\t\t<script\n\t\t\t\t\t\tsrc=\"https:\/\/aircargobook-601145879555511302.myfreshworks.com\/crm\/sales\/web_forms\/cd04833de9e1f5d07fbde1e53dc999afe044af5592fc3dbe0bf73c21c79e92dd\/form.js\"\n\t\t\t\t\t\tcrossorigin=\"anonymous\"\n\t\t\t\t\t\tid=\"cd04833de9e1f5d07fbde1e53dc999afe044af5592fc3dbe0bf73c21c79e92dd_448\"><\/script>\n\t\t\t\t<\/div>\n\t\t\t<\/div>\n\t\t<\/div>\n\t<\/div>\n<\/section>[\/vc_column][\/vc_row][vc_row][vc_column][vc_raw_html css=&#8220;&#8220;]PCEtLSBDYWxlbmRseSBpbmxpbmUgd2lkZ2V0IGJlZ2luIC0tPgo8ZGl2IGNsYXNzPSJjYWxlbmRseS1pbmxpbmUtd2lkZ2V0IiBkYXRhLXVybD0iaHR0cHM6Ly9jYWxlbmRseS5jb20vYWlyY2FyZ29ib29rL3Byb2R1Y3QtZGVtbz9oaWRlX2xhbmRpbmdfcGFnZV9kZXRhaWxzPTEmYW1wO2hpZGVfZ2Rwcl9iYW5uZXI9MSIgc3R5bGU9Im1pbi13aWR0aDozMjBweDtoZWlnaHQ6NzAwcHg7Ij48L2Rpdj4KPHNjcmlwdCB0eXBlPSJ0ZXh0L2phdmFzY3JpcHQiIHNyYz0iaHR0cHM6Ly9hc3NldHMuY2FsZW5kbHkuY29tL2Fzc2V0cy9leHRlcm5hbC93aWRnZXQuanMiIGFzeW5jPSIiPjwvc2NyaXB0Pgo8IS0tIENhbGVuZGx5IGlubGluZSB3aWRnZXQgZW5kIC0tPg==[\/vc_raw_html][\/vc_column][\/vc_row]<\/p>\n<\/div>","protected":false},"excerpt":{"rendered":"<p>[vc_row][vc_column][vc_custom_heading text=&#8220;Mehr Auftr\u00e4ge bei weniger Aufwand \u2013 mit effizientem Management Ihrer Frachtraten.&#8220; google_fonts=&#8220;font_family:Open%20Sans%3A300%2C300italic%2Cregular%2Citalic%2C600%2C600italic%2C700%2C700italic%2C800%2C800italic|font_style:400%20regular%3A400%3Anormal&#8220; css=&#8220;&#8220;][vc_column_text css=&#8220;&#8220;]Zeit ist Geld \u2013 besonders in der Logistik. Mit unserem intelligenten Frachtraten-Tool optimieren Sie Preisberechnungen und Angebote in Rekordzeit \u2013 und verschaffen sich so einen klaren Vorsprung im Tagesgesch\u00e4ft.[\/vc_column_text][vc_row_inner][vc_column_inner width=&#8220;1\/2&#8243;][vc_column_text css=&#8220;&#8220;]Ihre Vorteile Zentralisierte Raten\u00fcbersicht: Verschiedene Ratenbl\u00e4tter aus verschiedenen Quellen k\u00f6nnen durch [&hellip;]<\/p>\n","protected":false},"author":3,"featured_media":1381,"parent":88,"menu_order":0,"comment_status":"closed","ping_status":"closed","template":"templates\/product.php","meta":{"_acf_changed":false,"footnotes":""},"class_list":["post-1244","page","type-page","status-publish","has-post-thumbnail","hentry"],"acf":[],"_links":{"self":[{"href":"https:\/\/www.aircargobook.com\/de\/wp-json\/wp\/v2\/pages\/1244","targetHints":{"allow":["GET"]}}],"collection":[{"href":"https:\/\/www.aircargobook.com\/de\/wp-json\/wp\/v2\/pages"}],"about":[{"href":"https:\/\/www.aircargobook.com\/de\/wp-json\/wp\/v2\/types\/page"}],"author":[{"embeddable":true,"href":"https:\/\/www.aircargobook.com\/de\/wp-json\/wp\/v2\/users\/3"}],"replies":[{"embeddable":true,"href":"https:\/\/www.aircargobook.com\/de\/wp-json\/wp\/v2\/comments?post=1244"}],"version-history":[{"count":5,"href":"https:\/\/www.aircargobook.com\/de\/wp-json\/wp\/v2\/pages\/1244\/revisions"}],"predecessor-version":[{"id":1380,"href":"https:\/\/www.aircargobook.com\/de\/wp-json\/wp\/v2\/pages\/1244\/revisions\/1380"}],"up":[{"embeddable":true,"href":"https:\/\/www.aircargobook.com\/de\/wp-json\/wp\/v2\/pages\/88"}],"wp:featuredmedia":[{"embeddable":true,"href":"https:\/\/www.aircargobook.com\/de\/wp-json\/wp\/v2\/media\/1381"}],"wp:attachment":[{"href":"https:\/\/www.aircargobook.com\/de\/wp-json\/wp\/v2\/media?parent=1244"}],"curies":[{"name":"wp","href":"https:\/\/api.w.org\/{rel}","templated":true}]}}