{"id":225,"date":"2024-07-09T13:09:33","date_gmt":"2024-07-09T13:09:33","guid":{"rendered":"https:\/\/www.aircargobook.com\/unsere-loesungen\/aircargo-alert\/"},"modified":"2024-11-14T14:14:27","modified_gmt":"2024-11-14T14:14:27","slug":"aircargo-alert","status":"publish","type":"page","link":"https:\/\/www.aircargobook.com\/de\/unsere-loesungen\/aircargo-alert\/","title":{"rendered":"Aircargo-Alert"},"content":{"rendered":"<div class=\"wpb-content-wrapper\"><p>[vc_row content_placement=&#8220;middle&#8220;][vc_column width=&#8220;1\/2&#8243;][vc_custom_heading text=&#8220;Automatische RAKC Checks f\u00fcr Ihr Sicherheitskonzept&#8220; google_fonts=&#8220;font_family:Open%20Sans%3A300%2C300italic%2Cregular%2Citalic%2C600%2C600italic%2C700%2C700italic%2C800%2C800italic|font_style:400%20regular%3A400%3Anormal&#8220; css=&#8220;&#8220;][vc_column_text css=&#8220;&#8220;]<\/p>\n<p class=\"p1\">In der Luftfrachtindustrie ist die Verifizierung der Sicherheit und Compliance von Gesch\u00e4ftspartnern von h\u00f6chster Bedeutung. Hier kommen die \u00dcberpr\u00fcfungen des Status als Reglementierter Beauftragter und Bekannter Versender (RAKC) ins Spiel. Diese \u00dcberpr\u00fcfungen t\u00e4glich durchzuf\u00fchren, ist entscheidend, um die Integrit\u00e4t Ihrer Lieferkette zu wahren. Der Status von Gesch\u00e4ftspartnern kann sich t\u00e4glich \u00e4ndern, und auf dem neuesten Stand zu bleiben, hilft, Sicherheitsl\u00fccken, Compliance-Verst\u00f6\u00dfe und potenzielle rechtliche Konsequenzen zu verhindern.<\/p>\n<p>Durch die t\u00e4gliche \u00dcberpr\u00fcfung des RAKC-Status Ihrer Luftfracht-Gesch\u00e4ftspartner stellen Sie sicher, dass nur autorisierte und verifizierte Entit\u00e4ten Ihre Sendungen abwickeln. Dies sch\u00fctzt nicht nur Ihre Fracht vor potenziellen Bedrohungen, sondern st\u00e4rkt auch Ihren Ruf als zuverl\u00e4ssiger und verantwortungsbewusster Akteur in der Branche. Regelm\u00e4\u00dfige \u00dcberpr\u00fcfungen helfen, \u00c4nderungen im Status Ihrer Partner zu identifizieren, sodass Sie bei Bedarf umgehend Ma\u00dfnahmen ergreifen k\u00f6nnen. Diese Wachsamkeit ist in einem Umfeld, in dem Sicherheitsvorschriften streng und st\u00e4ndig im Wandel sind, von entscheidender Bedeutung.[\/vc_column_text][\/vc_column][vc_column width=&#8220;1\/2&#8243;][vc_single_image image=&#8220;1107&#8243; img_size=&#8220;full&#8220; css=&#8220;&#8220;][\/vc_column][\/vc_row][vc_row content_placement=&#8220;middle&#8220;][vc_column width=&#8220;1\/2&#8243;][vc_single_image image=&#8220;220&#8243; img_size=&#8220;large&#8220; css=&#8220;&#8220;][\/vc_column][vc_column width=&#8220;1\/2&#8243;][vc_custom_heading text=&#8220;Automatische Validierung als t\u00e4gliche Mail&#8220; google_fonts=&#8220;font_family:Open%20Sans%3A300%2C300italic%2Cregular%2Citalic%2C600%2C600italic%2C700%2C700italic%2C800%2C800italic|font_style:400%20regular%3A400%3Anormal&#8220; css=&#8220;&#8220;][vc_column_text css=&#8220;&#8220;]<\/p>\n<p class=\"p1\">Allerdings kann der manuelle Prozess dieser \u00dcberpr\u00fcfungen zeitaufwendig und fehleranf\u00e4llig sein. Hier kann die Automatisierung durch aircargobook einen erheblichen Unterschied machen. Durch die Automatisierung der RAKC-Status\u00fcberpr\u00fcfungen k\u00f6nnen Sie diese wichtige Aufgabe optimieren, Genauigkeit gew\u00e4hrleisten und wertvolle Zeit f\u00fcr Ihr Team sparen. Das fortschrittliche System von aircargobook kann t\u00e4glich den RAKC-Status all Ihrer Gesch\u00e4ftspartner automatisch aktualisieren und \u00fcberpr\u00fcfen und bietet Echtzeit-Einblicke und Warnungen bei \u00c4nderungen.<\/p>\n<p class=\"p1\">Mit aircargobook reduzieren Sie nicht nur den administrativen Aufwand, sondern verbessern auch die Zuverl\u00e4ssigkeit Ihrer Compliance-Prozesse. Das automatisierte System stellt sicher, dass kein Partner \u00fcbersehen wird und Status\u00e4nderungen sofort zur \u00dcberpr\u00fcfung markiert werden. Dieser proaktive Ansatz minimiert Risiken und erh\u00f6ht die allgemeine Sicherheit Ihrer Abl\u00e4ufe. Vertrauen Sie aircargobook, um Ihre RAKC-Status\u00fcberpr\u00fcfungen pr\u00e4zise und effizient zu handhaben, sodass Sie sich darauf konzentrieren k\u00f6nnen, Ihr Gesch\u00e4ft mit ruhigem Gewissen auszubauen.<\/p>\n<p>[\/vc_column_text][\/vc_column][\/vc_row][vc_row][vc_column]<section class=\"support-area\">\n\t<div class=\"container\">\n\t\t<div class=\"row\">\n\t\t\t<div class=\"col-12\">\n\t\t\t\t<div class=\"support-inner\">\n\t\t\t\t\t<div class=\"support-text\">\n\t\t\t\t\t\t<h6>Your IT department will love it.<\/h6>\n\t\t\t\t\t\t<h2>\n\t\t\t\t\t\t\tNo installation or manual updates needed - try it out today! Great support around when ever you need it\t\t\t\t\t\t<\/h2>\n\t\t\t\t\t<\/div>\n\n\t\t\t\t\t<div class=\"support-btm\">\n\t\t\t\t\t\t<div class=\"support-btm-single\">\n\t\t\t\t\t\t\t<div class=\"support-icon\">\n\t\t\t\t\t\t\t\t<img decoding=\"async\" src=\"https:\/\/www.aircargobook.com\/wp-content\/themes\/acb-theme\/assets\/img\/call.png\"\n\t\t\t\t\t\t\t\t\talt=\"Call Icon\" \/>\n\t\t\t\t\t\t\t<\/div>\n\n\t\t\t\t\t\t\t<div>\n\t\t\t\t\t\t\t\t<h6>\n\t\t\t\t\t\t\t\t\tPhone\t\t\t\t\t\t\t\t<\/h6>\n\t\t\t\t\t\t\t\t<a href=\"tel:+4969348771498\">+49 69 348 771 49 8<\/a>\n\t\t\t\t\t\t\t<\/div>\n\t\t\t\t\t\t<\/div>\n\n\t\t\t\t\t\t<div class=\"or\">\n\t\t\t\t\t\t\t<span>or<\/span>\n\t\t\t\t\t\t<\/div>\n\n\t\t\t\t\t\t<div class=\"support-btm-single\">\n\t\t\t\t\t\t\t<div class=\"support-icon\">\n\t\t\t\t\t\t\t\t<img decoding=\"async\" src=\"https:\/\/www.aircargobook.com\/wp-content\/themes\/acb-theme\/assets\/img\/mail.png\"\n\t\t\t\t\t\t\t\t\talt=\"Mail Icon\" \/>\n\t\t\t\t\t\t\t<\/div>\n\n\t\t\t\t\t\t\t<div>\n\t\t\t\t\t\t\t\t<h6>\n\t\t\t\t\t\t\t\t\tEmail\t\t\t\t\t\t\t\t<\/h6>\n\t\t\t\t\t\t\t\t<a href=\"mailto:support@aircargobook.com\"\n\t\t\t\t\t\t\t\t\tclass=\"marigold-text\">support@aircargobook.com<\/a>\n\t\t\t\t\t\t\t<\/div>\n\t\t\t\t\t\t<\/div>\n\t\t\t\t\t<\/div>\n\t\t\t\t<\/div>\n\t\t\t<\/div>\n\t\t<\/div>\n\t<\/div>\n<\/section>[\/vc_column][\/vc_row]<\/p>\n<\/div>","protected":false},"excerpt":{"rendered":"<p>[vc_row content_placement=&#8220;middle&#8220;][vc_column width=&#8220;1\/2&#8243;][vc_custom_heading text=&#8220;Automatische RAKC Checks f\u00fcr Ihr Sicherheitskonzept&#8220; google_fonts=&#8220;font_family:Open%20Sans%3A300%2C300italic%2Cregular%2Citalic%2C600%2C600italic%2C700%2C700italic%2C800%2C800italic|font_style:400%20regular%3A400%3Anormal&#8220; css=&#8220;&#8220;][vc_column_text css=&#8220;&#8220;] In der Luftfrachtindustrie ist die Verifizierung der Sicherheit und Compliance von Gesch\u00e4ftspartnern von h\u00f6chster Bedeutung. Hier kommen die \u00dcberpr\u00fcfungen des Status als Reglementierter Beauftragter und Bekannter Versender (RAKC) ins Spiel. Diese \u00dcberpr\u00fcfungen t\u00e4glich durchzuf\u00fchren, ist entscheidend, um die Integrit\u00e4t Ihrer Lieferkette zu wahren. [&hellip;]<\/p>\n","protected":false},"author":3,"featured_media":0,"parent":88,"menu_order":5,"comment_status":"closed","ping_status":"closed","template":"templates\/product.php","meta":{"_acf_changed":false,"footnotes":""},"class_list":["post-225","page","type-page","status-publish","hentry"],"acf":[],"_links":{"self":[{"href":"https:\/\/www.aircargobook.com\/de\/wp-json\/wp\/v2\/pages\/225","targetHints":{"allow":["GET"]}}],"collection":[{"href":"https:\/\/www.aircargobook.com\/de\/wp-json\/wp\/v2\/pages"}],"about":[{"href":"https:\/\/www.aircargobook.com\/de\/wp-json\/wp\/v2\/types\/page"}],"author":[{"embeddable":true,"href":"https:\/\/www.aircargobook.com\/de\/wp-json\/wp\/v2\/users\/3"}],"replies":[{"embeddable":true,"href":"https:\/\/www.aircargobook.com\/de\/wp-json\/wp\/v2\/comments?post=225"}],"version-history":[{"count":6,"href":"https:\/\/www.aircargobook.com\/de\/wp-json\/wp\/v2\/pages\/225\/revisions"}],"predecessor-version":[{"id":1129,"href":"https:\/\/www.aircargobook.com\/de\/wp-json\/wp\/v2\/pages\/225\/revisions\/1129"}],"up":[{"embeddable":true,"href":"https:\/\/www.aircargobook.com\/de\/wp-json\/wp\/v2\/pages\/88"}],"wp:attachment":[{"href":"https:\/\/www.aircargobook.com\/de\/wp-json\/wp\/v2\/media?parent=225"}],"curies":[{"name":"wp","href":"https:\/\/api.w.org\/{rel}","templated":true}]}}