{"id":252,"date":"2024-07-11T15:20:42","date_gmt":"2024-07-11T15:20:42","guid":{"rendered":"https:\/\/www.aircargobook.com\/unsere-loesungen\/live-pod\/"},"modified":"2024-11-19T16:08:18","modified_gmt":"2024-11-19T16:08:18","slug":"live-pod","status":"publish","type":"page","link":"https:\/\/www.aircargobook.com\/de\/unsere-loesungen\/live-pod\/","title":{"rendered":"Live POD"},"content":{"rendered":"<div class=\"wpb-content-wrapper\"><p>[vc_row equal_height=&#8220;yes&#8220; content_placement=&#8220;middle&#8220;][vc_column width=&#8220;1\/2&#8243;][vc_custom_heading text=&#8220;Live POD: Die perfekte L\u00f6sung f\u00fcr Ihre Frachtverfolgung&#8220; google_fonts=&#8220;font_family:Open%20Sans%3A300%2C300italic%2Cregular%2Citalic%2C600%2C600italic%2C700%2C700italic%2C800%2C800italic|font_style:400%20regular%3A400%3Anormal&#8220; css=&#8220;&#8220;][vc_column_text css=&#8220;&#8220;]<\/p>\n<p class=\"p1\">Willkommen bei Live POD, der innovativen App, die speziell f\u00fcr Trucking-Unternehmen entwickelt wurde. Verf\u00fcgbar f\u00fcr Android und iOS, gliedert sich die Live POD App wunderbar in die Produktpalette von aircargobook. Wir bieten Ihnen aussagekr\u00e4ftige Informationen und Funktionen f\u00fcr das Live-Tracking Ihrer Fracht.<\/p>\n<p>[\/vc_column_text][vc_column_text css=&#8220;&#8220;]<\/p>\n<h3 class=\"p1\"><b>Echtzeit-Statusupdates<\/b><\/h3>\n<p class=\"p3\">Mit Live POD k\u00f6nnen Sie den Status Ihrer Sendungen in Echtzeit aktualisieren und verfolgen. Jede Bewegung Ihrer Fracht wird sofort erfasst und in der App und auf dem Portal sichtbar gemacht, was Ihnen und Ihren Kunden eine transparente und verl\u00e4ssliche Lieferkette erm\u00f6glicht.<\/p>\n<h3 class=\"p1\"><b>Bildaufnahmen und Dokumentation<\/b><\/h3>\n<p class=\"p3\">Erfassen Sie Bilder von Ihrer Fracht direkt in der App. Ob Beladung, Entladung oder besondere Vorkommnisse \u2013 alle relevanten Informationen k\u00f6nnen durch Fotos dokumentiert und sofort hochgeladen werden. Diese Bilder sind dann jederzeit \u00fcber unsere Webseite abrufbar.<\/p>\n<h3 class=\"p1\"><b>Proof-of-Delivery (POD) mit Signaturen<\/b><\/h3>\n<p class=\"p3\">Die App erm\u00f6glicht das einfache Erfassen von Proof-of-Delivery (POD) mit Unterschriften. Fahrer k\u00f6nnen nach der Zustellung die Unterschrift des Empf\u00e4ngers direkt auf ihrem Smartphone oder Tablet aufnehmen.<\/p>\n<p>[\/vc_column_text][\/vc_column][vc_column width=&#8220;1\/2&#8243;][vc_single_image image=&#8220;237&#8243; img_size=&#8220;full&#8220; css=&#8220;&#8220;][\/vc_column][\/vc_row][vc_row equal_height=&#8220;yes&#8220; content_placement=&#8220;middle&#8220;][vc_column width=&#8220;1\/2&#8243;][vc_single_image image=&#8220;244&#8243; img_size=&#8220;full&#8220; css=&#8220;&#8220;][\/vc_column][vc_column width=&#8220;1\/2&#8243;][vc_column_text css=&#8220;&#8220;]<\/p>\n<h3 class=\"p2\"><b>Effizienzsteigerung<\/b><\/h3>\n<p class=\"p3\">Live POD vereinfacht den gesamten Dokumentationsprozess und spart wertvolle Zeit. Fahrer k\u00f6nnen Updates und Nachweise direkt vor Ort erfassen und m\u00fcssen nicht mehr ins B\u00fcro zur\u00fcckkehren, um Papierdokumente einzureichen.<\/p>\n<h4 class=\"p2\"><b>Verbesserte Kundenzufriedenheit<\/b><\/h4>\n<p class=\"p3\">Mit Live POD bieten Sie Ihren Kunden h\u00f6chste Transparenz und Sicherheit. Sie k\u00f6nnen den Fortschritt ihrer Sendungen jederzeit online verfolgen und erhalten sofortige Benachrichtigungen \u00fcber Status\u00e4nderungen.<\/p>\n<p>[\/vc_column_text][\/vc_column][\/vc_row][vc_row content_placement=&#8220;middle&#8220;][vc_column][vc_column_text css=&#8220;&#8220;]<\/p>\n<h4 class=\"p2\"><b>Einfache Integration<\/b><\/h4>\n<p class=\"p3\">Die App ist nahtlos in aircargobook.com integriert. Alle erfassten Daten, Bilder und Signaturen sind sofort auf der Webseite verf\u00fcgbar und k\u00f6nnen von autorisierten Benutzern eingesehen werden.<\/p>\n<p class=\"p3\">Live POD ist nicht nur eine App, sondern eine umfassende L\u00f6sung f\u00fcr modernes Frachtmanagement. Durch die Kombination von Echtzeitverfolgung, Bilddokumentation und digitalem Proof-of-Delivery bietet Live POD alle notwendigen Werkzeuge, um Ihre Logistikprozesse zu optimieren und Ihre Effizienz zu steigern.<\/p>\n<p class=\"p3\"><b>Probieren Sie Live POD noch heute aus und erleben Sie, wie einfach und effizient Frachtverfolgung sein kann.<\/b> laden Sie die App direkt aus dem <a href=\"https:\/\/apps.apple.com\/de\/app\/live-pod-2\/id1382913984\">Apple App Store<\/a> oder <a href=\"https:\/\/play.google.com\/store\/apps\/details?id=com.aircargobook.live_pod\">Google Play Store<\/a>herunter.<\/p>\n<p>[\/vc_column_text][\/vc_column][\/vc_row][vc_row content_placement=&#8220;middle&#8220;][vc_column width=&#8220;1\/4&#8243;][\/vc_column][vc_column width=&#8220;1\/4&#8243;]<a class=\"google-play-badge\" href=\"https:\/\/play.google.com\/store\/apps\/details?id=com.aircargobook.live_pod\">\n    <img decoding=\"async\" src=\"https:\/\/www.aircargobook.com\/wp-content\/themes\/acb-theme\/assets\/img\/google_play_badge.svg\" alt=\"Google Play Badge\">\n<\/a>\n[\/vc_column][vc_column width=&#8220;1\/4&#8243;]<a class=\"app-store-badge\" href=\"https:\/\/apps.apple.com\/de\/app\/live-pod-2\/id1382913984\">\n    <img decoding=\"async\" src=\"https:\/\/www.aircargobook.com\/wp-content\/themes\/acb-theme\/assets\/img\/app_store_badge.svg\" alt=\"Google Play Badge\">\n<\/a>\n[\/vc_column][vc_column width=&#8220;1\/4&#8243;][\/vc_column][\/vc_row][vc_row][vc_column]<section class=\"contact\">\n\t<div class=\"container\">\n\t\t<div class=\"row\">\n\t\t\t<div class=\"col-md-6\">\n\t\t\t\t<div class=\"contact-area-inner\">\n\t\t\t\t\t<h6>Erfahren Sie mehr \u00fcber aircargobook<\/h6>\n\t\t\t\t\t<h5>We offer seamless solutions for all your aircargo requirements<\/h5>\n\t\t\t\t\t<h2>Sounds interesting?<\/h2>\n\t\t\t\t\t<p>Once you submit your data, one of our experts will contact you to discover your needs and will present you with a tailored solution.<\/p>\n\t\t\t\t\t<small>Don't worry, we will not spam you with emails or phone calls.<\/small>\n\t\t\t\t<\/div>\n\n\t\t\t<\/div>\n\t\t\t<div class=\"col-md-6\">\n\t\t\t\t<div class=\"py-4\">\n\t\t\t\t\t<script\n\t\t\t\t\t\tsrc=\"https:\/\/aircargobook-601145879555511302.myfreshworks.com\/crm\/sales\/web_forms\/cd04833de9e1f5d07fbde1e53dc999afe044af5592fc3dbe0bf73c21c79e92dd\/form.js\"\n\t\t\t\t\t\tcrossorigin=\"anonymous\"\n\t\t\t\t\t\tid=\"cd04833de9e1f5d07fbde1e53dc999afe044af5592fc3dbe0bf73c21c79e92dd_448\"><\/script>\n\t\t\t\t<\/div>\n\t\t\t<\/div>\n\t\t<\/div>\n\t<\/div>\n<\/section>[vc_row_inner][vc_column_inner][\/vc_column_inner][\/vc_row_inner][\/vc_column][\/vc_row]<\/p>\n<\/div>","protected":false},"excerpt":{"rendered":"<p>[vc_row equal_height=&#8220;yes&#8220; content_placement=&#8220;middle&#8220;][vc_column width=&#8220;1\/2&#8243;][vc_custom_heading text=&#8220;Live POD: Die perfekte L\u00f6sung f\u00fcr Ihre Frachtverfolgung&#8220; google_fonts=&#8220;font_family:Open%20Sans%3A300%2C300italic%2Cregular%2Citalic%2C600%2C600italic%2C700%2C700italic%2C800%2C800italic|font_style:400%20regular%3A400%3Anormal&#8220; css=&#8220;&#8220;][vc_column_text css=&#8220;&#8220;] Willkommen bei Live POD, der innovativen App, die speziell f\u00fcr Trucking-Unternehmen entwickelt wurde. Verf\u00fcgbar f\u00fcr Android und iOS, gliedert sich die Live POD App wunderbar in die Produktpalette von aircargobook. Wir bieten Ihnen aussagekr\u00e4ftige Informationen und Funktionen f\u00fcr das Live-Tracking [&hellip;]<\/p>\n","protected":false},"author":3,"featured_media":0,"parent":88,"menu_order":8,"comment_status":"closed","ping_status":"closed","template":"templates\/product.php","meta":{"_acf_changed":false,"footnotes":""},"class_list":["post-252","page","type-page","status-publish","hentry"],"acf":[],"_links":{"self":[{"href":"https:\/\/www.aircargobook.com\/de\/wp-json\/wp\/v2\/pages\/252","targetHints":{"allow":["GET"]}}],"collection":[{"href":"https:\/\/www.aircargobook.com\/de\/wp-json\/wp\/v2\/pages"}],"about":[{"href":"https:\/\/www.aircargobook.com\/de\/wp-json\/wp\/v2\/types\/page"}],"author":[{"embeddable":true,"href":"https:\/\/www.aircargobook.com\/de\/wp-json\/wp\/v2\/users\/3"}],"replies":[{"embeddable":true,"href":"https:\/\/www.aircargobook.com\/de\/wp-json\/wp\/v2\/comments?post=252"}],"version-history":[{"count":5,"href":"https:\/\/www.aircargobook.com\/de\/wp-json\/wp\/v2\/pages\/252\/revisions"}],"predecessor-version":[{"id":1188,"href":"https:\/\/www.aircargobook.com\/de\/wp-json\/wp\/v2\/pages\/252\/revisions\/1188"}],"up":[{"embeddable":true,"href":"https:\/\/www.aircargobook.com\/de\/wp-json\/wp\/v2\/pages\/88"}],"wp:attachment":[{"href":"https:\/\/www.aircargobook.com\/de\/wp-json\/wp\/v2\/media?parent=252"}],"curies":[{"name":"wp","href":"https:\/\/api.w.org\/{rel}","templated":true}]}}