{"id":266,"date":"2024-05-23T15:25:37","date_gmt":"2024-05-23T15:25:37","guid":{"rendered":"https:\/\/www.aircargobook.com\/unsere-loesungen\/logistik-loesung-fuer-fotodokumentationen-und-prozessoptimierung\/"},"modified":"2024-11-13T16:12:47","modified_gmt":"2024-11-13T16:12:47","slug":"cdr-pro","status":"publish","type":"page","link":"https:\/\/www.aircargobook.com\/de\/unsere-loesungen\/cdr-pro\/","title":{"rendered":"CDR Pro"},"content":{"rendered":"<div class=\"wpb-content-wrapper\"><p>[vc_row][vc_column][vc_custom_heading text=&#8220;Reporting und Dokumentation sollten einfach sein!&#8220; google_fonts=&#8220;font_family:Open%20Sans%3A300%2C300italic%2Cregular%2Citalic%2C600%2C600italic%2C700%2C700italic%2C800%2C800italic|font_style:400%20regular%3A400%3Anormal&#8220; css=&#8220;&#8220;][vc_column_text css=&#8220;&#8220;]In der schnelllebigen Welt der Logistik ist die Dokumentation der stille Held, der alles reibungslos und nachvollziehbar h\u00e4lt. Bei aircargobook verstehen wir, dass effiziente Dokumentation nicht nur wichtig, sondern entscheidend ist. Jede Sendung, jede Transaktion und jedes Detail beruhen auf pr\u00e4zisen und zug\u00e4nglichen Aufzeichnungen, um sicherzustellen, dass Waren nahtlos von Punkt A nach Punkt B gelangen.<\/p>\n<h3>Warum ist Dokumentation so wichtig?<\/h3>\n<p>Weil sie die Grundlage f\u00fcr Ihre Logistikoperationen bildet. Sie gew\u00e4hrleistet die Einhaltung internationaler Vorschriften, erleichtert die klare Kommunikation zwischen Partnern und bietet eine verl\u00e4ssliche Referenz zur L\u00f6sung von Streitf\u00e4llen. Ohne sie kann es in Logistikketten schnell zu Verwirrung und Verz\u00f6gerungen kommen.<\/p>\n<p>Wir wissen, dass Dokumentation oft als l\u00e4stige Aufgabe angesehen wird. Deshalb haben wir es uns zur Aufgabe gemacht, Ihre Dokumentationsprozesse mit modernen L\u00f6sungen zu vereinfachen und zu optimieren.[\/vc_column_text][\/vc_column][\/vc_row][vc_row equal_height=&#8220;yes&#8220; content_placement=&#8220;middle&#8220;][vc_column width=&#8220;1\/2&#8243;][vc_custom_heading text=&#8220;Corporate Documentation &amp; Reporting&#8220; font_container=&#8220;tag:h3|text_align:left&#8220; google_fonts=&#8220;font_family:Open%20Sans%3A300%2C300italic%2Cregular%2Citalic%2C600%2C600italic%2C700%2C700italic%2C800%2C800italic|font_style:400%20regular%3A400%3Anormal&#8220; css=&#8220;&#8220;][vc_column_text css=&#8220;&#8220;]Das CDR Pro Modul von aircargobook ist unser Ansatz zur Digitalisierung Ihrer Dokumentationsanforderungen. Passen Sie die Dokumentation an die Prozesse Ihres Unternehmens an und erm\u00f6glichen Sie Ihrem operativen Team, einen Gro\u00dfteil der Papierdokumentation hinter sich zu lassen. Ein einfacher und kosteng\u00fcnstiger Weg, um Effizienz und Kundenzufriedenheit zu steigern.[\/vc_column_text][vc_column_text css=&#8220;&#8220;]Die Einrichtung der digitalen Dokumentation ist so einfach wie das Erstellen eines Kontos auf aircargobook, die Auswahl des CDR Moduls als Teil eines Plans und die Verteilung von <a href=\"https:\/\/play.google.com\/store\/apps\/details?id=com.aircargobook.cdr_pro\">Android<\/a>&#8211; oder <a href=\"https:\/\/apps.apple.com\/de\/app\/cdr-pro\/id1488124338\">iOS-Ger\u00e4ten<\/a> \u2013 auf denen unsere CDR Pro App l\u00e4uft \u2013 innerhalb Ihres Teams.[\/vc_column_text][\/vc_column][vc_column width=&#8220;1\/2&#8243;][vc_single_image image=&#8220;204&#8243; img_size=&#8220;215&#215;450&#8243; alignment=&#8220;center&#8220; onclick=&#8220;link_image&#8220; css=&#8220;.vc_custom_1720518334825{margin-top: 30px !important;}&#8220;][\/vc_column][\/vc_row][vc_row equal_height=&#8220;yes&#8220; content_placement=&#8220;middle&#8220;][vc_column width=&#8220;1\/2&#8243;][vc_single_image image=&#8220;207&#8243; img_size=&#8220;215&#215;450&#8243; alignment=&#8220;center&#8220; onclick=&#8220;link_image&#8220; css=&#8220;&#8220;][\/vc_column][vc_column width=&#8220;1\/2&#8243;][vc_custom_heading text=&#8220;Dokumentenmanagement&#8220; font_container=&#8220;tag:h3|text_align:left&#8220; google_fonts=&#8220;font_family:Open%20Sans%3A300%2C300italic%2Cregular%2Citalic%2C600%2C600italic%2C700%2C700italic%2C800%2C800italic|font_style:400%20regular%3A400%3Anormal&#8220; css=&#8220;&#8220;][vc_column_text css=&#8220;&#8220;]Mit digitalen Eingabefeldern f\u00fcr alle wichtigen Aspekte der Dokumentation kann sich Ihr Team auf das Wesentliche konzentrieren. Anforderbare Dokumentationen k\u00f6nnen als Aufgaben zu Ihren Sendungen hinzugef\u00fcgt werden, die aktualisiert werden, sobald die angeforderte Dokumentation abgeschlossen ist.[\/vc_column_text][vc_column_text css=&#8220;&#8220;]Sie k\u00f6nnen Fotos, Unterschriften, Temperaturen, Zeitstempel und vieles mehr mit nur einem Fingertipp erfassen. Unsere intelligenten Vorlagen unterst\u00fctzen Ihr Team dabei, die richtigen Entscheidungen zu treffen und sicherzustellen, dass keine Daten \u00fcbersehen werden.[\/vc_column_text][vc_column_text css=&#8220;&#8220;]Sie k\u00f6nnen E-Mail-Abonnements f\u00fcr Dokumentationen auf der Grundlage verschiedener Daten aus der Dokumentation und den Sendungen einrichten. So lassen wir unsere Benutzer entscheiden, ob sie Dokumentationen haupts\u00e4chlich als digitales Archiv oder als aktiven Teil des Kundenservice nutzen m\u00f6chten.[\/vc_column_text][\/vc_column][\/vc_row][vc_row equal_height=&#8220;yes&#8220; content_placement=&#8220;middle&#8220;][vc_column width=&#8220;1\/2&#8243;][vc_custom_heading text=&#8220;TMS-Integration&#8220; font_container=&#8220;tag:h3|text_align:left&#8220; google_fonts=&#8220;font_family:Open%20Sans%3A300%2C300italic%2Cregular%2Citalic%2C600%2C600italic%2C700%2C700italic%2C800%2C800italic|font_style:400%20regular%3A400%3Anormal&#8220; css=&#8220;&#8220;][vc_column_text css=&#8220;&#8220;]Das CDR Pro Modul auf aircargobook kann als eigenst\u00e4ndiges Produkt genutzt werden, integriert sich aber auch nahtlos mit dem Transport Management System (TMS-Modul).[\/vc_column_text][vc_column_text css=&#8220;&#8220;]Sendungen k\u00f6nnen \u00fcber ein manuelles Formular auf der Webseite, unsere CDR Pro App oder automatisierte Prozesse erstellt werden. Dabei k\u00f6nnen Referenzen, Sendungsdaten, Kunden und erforderliche Dokumentationen direkt gespeichert werden.[\/vc_column_text][\/vc_column][vc_column width=&#8220;1\/2&#8243;][vc_single_image image=&#8220;210&#8243; img_size=&#8220;large&#8220; alignment=&#8220;center&#8220; onclick=&#8220;link_image&#8220; css=&#8220;.vc_custom_1720518342303{margin-top: 30px !important;}&#8220;][\/vc_column][\/vc_row][vc_row equal_height=&#8220;yes&#8220; content_placement=&#8220;middle&#8220;][vc_column width=&#8220;1\/2&#8243;][vc_single_image image=&#8220;162&#8243; img_size=&#8220;large&#8220; alignment=&#8220;center&#8220; css=&#8220;&#8220;][\/vc_column][vc_column width=&#8220;1\/2&#8243;][vc_custom_heading text=&#8220;Die perfekte L\u00f6sung f\u00fcr Unternehmen<br \/>\ndie ihre Fotodokumentation optimieren wollen&#8220; font_container=&#8220;tag:h3|text_align:left&#8220; google_fonts=&#8220;font_family:Open%20Sans%3A300%2C300italic%2Cregular%2Citalic%2C600%2C600italic%2C700%2C700italic%2C800%2C800italic|font_style:400%20regular%3A400%3Anormal&#8220; css=&#8220;&#8220;][vc_column_text css=&#8220;&#8220;]Unsere benutzerfreundliche Plattform erm\u00f6glicht es Ihnen, alle notwendigen Dokumente einfach zu erstellen, zu verwalten und zuzugreifen. Ob durch automatisierte Prozesse oder intuitive manuelle Eingabe \u2013 unser System ist darauf ausgelegt, Ihre Dokumentation so unkompliziert wie m\u00f6glich zu gestalten.<\/p>\n<p>Mit aircargobook <strong>verabschieden Sie sich von der Papierflut<\/strong> und <strong>begr\u00fc\u00dfen effiziente, stressfreie Dokumentation<\/strong>. Lassen Sie uns helfen, Ihre Logistikoperationen zu kontrollieren und sicherzustellen, dass jede Information jederzeit griffbereit ist. Effiziente Logistik beginnt mit effizienter Dokumentation \u2013 und bei aircargobook machen wir es Ihnen leicht Ihre Dokumentationsziele zu erreichen.[\/vc_column_text][\/vc_column][\/vc_row][vc_row][vc_column][vc_empty_space height=&#8220;128px&#8220;][vc_row_inner][vc_column_inner width=&#8220;1\/4&#8243;][\/vc_column_inner][vc_column_inner width=&#8220;1\/4&#8243;]<a class=\"google-play-badge\" href=\"https:\/\/play.google.com\/store\/apps\/details?id=com.aircargobook.cdr_pro\">\n    <img decoding=\"async\" src=\"https:\/\/www.aircargobook.com\/wp-content\/themes\/acb-theme\/assets\/img\/google_play_badge.svg\" alt=\"Google Play Badge\">\n<\/a>\n[\/vc_column_inner][vc_column_inner width=&#8220;1\/4&#8243;]<a class=\"app-store-badge\" href=\"https:\/\/apps.apple.com\/de\/app\/cdr-pro\/id1488124338\">\n    <img decoding=\"async\" src=\"https:\/\/www.aircargobook.com\/wp-content\/themes\/acb-theme\/assets\/img\/app_store_badge.svg\" alt=\"Google Play Badge\">\n<\/a>\n[\/vc_column_inner][vc_column_inner width=&#8220;1\/4&#8243;][\/vc_column_inner][\/vc_row_inner][vc_empty_space height=&#8220;128px&#8220;][\/vc_column][\/vc_row][vc_row][vc_column]<section class=\"contact\">\n\t<div class=\"container\">\n\t\t<div class=\"row\">\n\t\t\t<div class=\"col-md-6\">\n\t\t\t\t<div class=\"contact-area-inner\">\n\t\t\t\t\t<h6>Erfahren Sie mehr \u00fcber aircargobook<\/h6>\n\t\t\t\t\t<h5>We offer seamless solutions for all your aircargo requirements<\/h5>\n\t\t\t\t\t<h2>Sounds interesting?<\/h2>\n\t\t\t\t\t<p>Once you submit your data, one of our experts will contact you to discover your needs and will present you with a tailored solution.<\/p>\n\t\t\t\t\t<small>Don't worry, we will not spam you with emails or phone calls.<\/small>\n\t\t\t\t<\/div>\n\n\t\t\t<\/div>\n\t\t\t<div class=\"col-md-6\">\n\t\t\t\t<div class=\"py-4\">\n\t\t\t\t\t<script\n\t\t\t\t\t\tsrc=\"https:\/\/aircargobook-601145879555511302.myfreshworks.com\/crm\/sales\/web_forms\/cd04833de9e1f5d07fbde1e53dc999afe044af5592fc3dbe0bf73c21c79e92dd\/form.js\"\n\t\t\t\t\t\tcrossorigin=\"anonymous\"\n\t\t\t\t\t\tid=\"cd04833de9e1f5d07fbde1e53dc999afe044af5592fc3dbe0bf73c21c79e92dd_448\"><\/script>\n\t\t\t\t<\/div>\n\t\t\t<\/div>\n\t\t<\/div>\n\t<\/div>\n<\/section>[\/vc_column][\/vc_row]<\/p>\n<\/div>","protected":false},"excerpt":{"rendered":"<p>Logistic solutions for photo documentation and process enhancement<\/p>\n","protected":false},"author":1,"featured_media":0,"parent":88,"menu_order":3,"comment_status":"closed","ping_status":"closed","template":"templates\/product.php","meta":{"_acf_changed":false,"footnotes":""},"class_list":["post-266","page","type-page","status-publish","hentry"],"acf":[],"_links":{"self":[{"href":"https:\/\/www.aircargobook.com\/de\/wp-json\/wp\/v2\/pages\/266","targetHints":{"allow":["GET"]}}],"collection":[{"href":"https:\/\/www.aircargobook.com\/de\/wp-json\/wp\/v2\/pages"}],"about":[{"href":"https:\/\/www.aircargobook.com\/de\/wp-json\/wp\/v2\/types\/page"}],"author":[{"embeddable":true,"href":"https:\/\/www.aircargobook.com\/de\/wp-json\/wp\/v2\/users\/1"}],"replies":[{"embeddable":true,"href":"https:\/\/www.aircargobook.com\/de\/wp-json\/wp\/v2\/comments?post=266"}],"version-history":[{"count":5,"href":"https:\/\/www.aircargobook.com\/de\/wp-json\/wp\/v2\/pages\/266\/revisions"}],"predecessor-version":[{"id":1092,"href":"https:\/\/www.aircargobook.com\/de\/wp-json\/wp\/v2\/pages\/266\/revisions\/1092"}],"up":[{"embeddable":true,"href":"https:\/\/www.aircargobook.com\/de\/wp-json\/wp\/v2\/pages\/88"}],"wp:attachment":[{"href":"https:\/\/www.aircargobook.com\/de\/wp-json\/wp\/v2\/media?parent=266"}],"curies":[{"name":"wp","href":"https:\/\/api.w.org\/{rel}","templated":true}]}}