{"id":467,"date":"2024-10-10T07:57:28","date_gmt":"2024-10-10T07:57:28","guid":{"rendered":"https:\/\/www.aircargobook.com\/lademeter-rechner\/"},"modified":"2024-11-12T08:51:10","modified_gmt":"2024-11-12T08:51:10","slug":"lademeter-rechner","status":"publish","type":"page","link":"https:\/\/www.aircargobook.com\/de\/unsere-loesungen\/lademeter-rechner\/","title":{"rendered":"Lademeter Rechner"},"content":{"rendered":"<div class=\"wpb-content-wrapper\"><p>[vc_row][vc_column][vc_column_text css=&#8220;&#8220;]<\/p>\n<h2>Was bedeutet LDM (Lademeter)?<\/h2>\n<p>Die Bezeichnung Lademeter beschreibt die Ma\u00dfeinheit, die angibt, wie viele Meter der L\u00e4nge eines Transportmittels f\u00fcr eine bestimmte Fracht ben\u00f6tigt werden. Lademeter sind ein Indikator f\u00fcr die Auslastung eines Lastkraftwagens und werden zur Planung und Abrechnung des verf\u00fcgbaren Laderaums im Transportmittel verwendet.<\/p>\n<h2>Wie erfolgt die Berechnung von Lademetern?<\/h2>\n<p>Um dies zu verdeutlichen, nehmen wir als Beispiel einen Standard-Sattelauflieger, der \u00fcblicherweise 13,6 Meter lang, etwa 2,7 Meter hoch und circa 2,4 Meter breit ist. Unabh\u00e4ngig von der tats\u00e4chlichen H\u00f6he und Breite der Ladung wird ein Lademeter immer als ein Meter der L\u00e4nge der Ladefl\u00e4che betrachtet. Daher entspricht die Anzahl der Lademeter eines LKW immer der L\u00e4nge der Ladefl\u00e4che \u2013 in diesem Fall w\u00e4ren es 13,6 Lademeter (LDM).<\/p>\n<p>Schrittweise Berechnung von Lademetern Je nach Kombination der Ladungstr\u00e4ger, beispielsweise Europaletten, kann eine unterschiedliche Anzahl gleicher Ladungstr\u00e4ger die gleiche Anzahl an Lademetern beanspruchen. In folgendem Beispiel beansprucht die linke Kombination von 4 gleichen Ladungstr\u00e4gern einen Lademeter, w\u00e4hrend die mittlere Kombination von 2 gleichen Ladungstr\u00e4gern ebenfalls einen Lademeter ben\u00f6tigt. Der rechte Ladungstr\u00e4ger beansprucht ebenfalls einen Lademeter. Insgesamt beanspruchen diese drei Kombinationen also 3 Lademeter. Zus\u00e4tzlich zur Breite, H\u00f6he und Tiefe beeinflusst auch die Stapelbarkeit der Ladungstr\u00e4ger die Anzahl der Lademeter f\u00fcr eine Ladung.[\/vc_column_text][\/vc_column][\/vc_row][vc_row][vc_column]<section class=\"sign-up-area\">\n    <div class=\"container\">\n        <div class=\"row\">\n            <div class=\"col-12\">\n                <div class=\"sign-up-text\">\n                    <h6>Get Free<\/h6>\n                    <h2>Weekly supply Chain news updates<\/h2>\n                    <p>Subscribe for the latest on Aircargobook, Warehouses & Airline sales departments, insight<\/p>\n                    <div class=\"bttn bttn-white\">\n                        <a href=\"#\">Sign up now<\/a>\n                    <\/div>\n                <\/div>\n            <\/div>\n        <\/div>\n    <\/div>\n<\/section>\n[\/vc_column][\/vc_row]<\/p>\n<\/div>","protected":false},"excerpt":{"rendered":"<p>[vc_row][vc_column][vc_column_text css=&#8220;&#8220;] Was bedeutet LDM (Lademeter)? Die Bezeichnung Lademeter beschreibt die Ma\u00dfeinheit, die angibt, wie viele Meter der L\u00e4nge eines Transportmittels f\u00fcr eine bestimmte Fracht ben\u00f6tigt werden. Lademeter sind ein Indikator f\u00fcr die Auslastung eines Lastkraftwagens und werden zur Planung und Abrechnung des verf\u00fcgbaren Laderaums im Transportmittel verwendet. Wie erfolgt die Berechnung von Lademetern? Um [&hellip;]<\/p>\n","protected":false},"author":1,"featured_media":0,"parent":88,"menu_order":1,"comment_status":"closed","ping_status":"closed","template":"templates\/product.php","meta":{"_acf_changed":false,"footnotes":""},"class_list":["post-467","page","type-page","status-publish","hentry"],"acf":[],"_links":{"self":[{"href":"https:\/\/www.aircargobook.com\/de\/wp-json\/wp\/v2\/pages\/467","targetHints":{"allow":["GET"]}}],"collection":[{"href":"https:\/\/www.aircargobook.com\/de\/wp-json\/wp\/v2\/pages"}],"about":[{"href":"https:\/\/www.aircargobook.com\/de\/wp-json\/wp\/v2\/types\/page"}],"author":[{"embeddable":true,"href":"https:\/\/www.aircargobook.com\/de\/wp-json\/wp\/v2\/users\/1"}],"replies":[{"embeddable":true,"href":"https:\/\/www.aircargobook.com\/de\/wp-json\/wp\/v2\/comments?post=467"}],"version-history":[{"count":5,"href":"https:\/\/www.aircargobook.com\/de\/wp-json\/wp\/v2\/pages\/467\/revisions"}],"predecessor-version":[{"id":980,"href":"https:\/\/www.aircargobook.com\/de\/wp-json\/wp\/v2\/pages\/467\/revisions\/980"}],"up":[{"embeddable":true,"href":"https:\/\/www.aircargobook.com\/de\/wp-json\/wp\/v2\/pages\/88"}],"wp:attachment":[{"href":"https:\/\/www.aircargobook.com\/de\/wp-json\/wp\/v2\/media?parent=467"}],"curies":[{"name":"wp","href":"https:\/\/api.w.org\/{rel}","templated":true}]}}