{"id":630,"date":"2024-10-07T11:53:15","date_gmt":"2024-10-07T11:53:15","guid":{"rendered":"https:\/\/www.aircargobook.com\/unsere-loesungen\/warehouse\/"},"modified":"2024-11-13T15:03:49","modified_gmt":"2024-11-13T15:03:49","slug":"warehouse","status":"publish","type":"page","link":"https:\/\/www.aircargobook.com\/de\/unsere-loesungen\/warehouse\/","title":{"rendered":"Warehouse"},"content":{"rendered":"<div class=\"wpb-content-wrapper\"><p>[vc_row][vc_column][vc_row_inner][vc_column_inner width=&#8220;1\/2&#8243;][vc_custom_heading text=&#8220;Ihr digitales Warehouse&#8220; google_fonts=&#8220;font_family:Open%20Sans%3A300%2C300italic%2Cregular%2Citalic%2C600%2C600italic%2C700%2C700italic%2C800%2C800italic|font_style:400%20regular%3A400%3Anormal&#8220; css=&#8220;&#8220;][vc_column_text css=&#8220;&#8220;]Nutzen Sie unser Warehouse Portal, um Sicherheitsstatus von Partnern live verfolgen zu k\u00f6nnen und nachzuvollziehen, in welchem Status sich eine Sendung befindet.<\/p>\n<p>Automatische Benachrichtigungen und effiziente Verwaltung von Ma\u00dfnahmen zum Vorgehen bei unvorhergesehenen Ereignissen, helfen Problemen immer einen Schritt voraus zu sein.<\/p>\n<p>Im Anschluss helfen aussagekr\u00e4ftige Reports, die Abrechnung Kunden- und Prozessgenau nachzuvollziehen.[\/vc_column_text][\/vc_column_inner][vc_column_inner width=&#8220;1\/2&#8243;][vc_cta h2=&#8220;Jede Sendung durchl\u00e4uft vier Schritte&#8220; css=&#8220;&#8220;]<\/p>\n<ul>\n<li>Erfassung der Fahrerdaten bei der Warenannahme<\/li>\n<li>Sendungserfassung inkl. Statusvergabe<\/li>\n<li>Dokumentation der Kontrollma\u00dfnahmen und daraus resultierender Kosten<\/li>\n<li>Abrechnung<\/li>\n<\/ul>\n<p>[\/vc_cta][\/vc_column_inner][\/vc_row_inner][\/vc_column][\/vc_row][vc_row content_placement=&#8220;middle&#8220;][vc_column width=&#8220;1\/2&#8243;][vc_custom_heading text=&#8220;(Proaktive) Information Ihrer Kunden&#8220; google_fonts=&#8220;font_family:Open%20Sans%3A300%2C300italic%2Cregular%2Citalic%2C600%2C600italic%2C700%2C700italic%2C800%2C800italic|font_style:400%20regular%3A400%3Anormal&#8220; css=&#8220;&#8220;][vc_single_image image=&#8220;570&#8243; img_size=&#8220;full&#8220; css=&#8220;&#8220;][\/vc_column][vc_column width=&#8220;1\/2&#8243;][vc_column_text css=&#8220;&#8220;]Wenn jeder Kunde zu jedem Zeitpunkt die M\u00f6glichkeit Einblick in den aktuellen Status seiner Sendungen bekommt, k\u00f6nnen diese Ihrer Sendungen schneller Abfertigen und Sie erhalten weniger R\u00fcckfragen. So konnten wir gemeinsam mit unserem Pilotkunden durchschnittlich 40% Zeit in der Datenerfassung und \u00fcber 70% Aufw\u00e4nde bei der sp\u00e4teren Abrechnung einsparen. Wir geben Ihnen nicht nur ein Kundenportal um Ihren Kunden Einblick in den Fortschritt Ihrer Arbeit zu gew\u00e4hren, erlauben diesen Sendungen direkt oder \u00fcber Schnittstellen zu Avisieren und erm\u00f6glichen den Kunden direkt alle wichtige Informationen herunter zu laden. Auf Wunsch senden wir Ihnen seine Dokumente auch automatisch zu.[\/vc_column_text][\/vc_column][\/vc_row][vc_row][vc_column][vc_column_text css=&#8220;&#8220;]<\/p>\n<div class=\"col-md-12\">\n<h2>Datensicherheit nach Ihren Bed\u00fcrfnissen<\/h2>\n<\/div>\n<div class=\"col-12\">\n<div class=\"text-2-cols\">\n<p>Ob Sie Daten auf ihrer eigenen Infrastruktur, managed bei uns oder in Ihrem eigenen public cloud Accounts halten m\u00f6chten, wir unterst\u00fctzen Sie dabei die richtige L\u00f6sung zu finden. Unsere eigenen Server stehen alle ausschlie\u00dflich in Deutschland bei zertifizierten Hostern, werden mindestens einmal t\u00e4glich gesichert und werden von uns selbstverst\u00e4ndlich nicht ohne R\u00fccksprache \u00fcber die von Ihnen gew\u00fcnschten Zwecke bearbeitet.<br \/>Alle Kundenanwendungen laufen auf regelm\u00e4\u00dfig aktuell gehaltenen Servern, sind ausschlie\u00dflich \u00fcber HTTPS erreichbar und sind sowohl mobil als auch vom Computeraus einsichtig. <\/p>\n<\/div>\n<\/div>\n<p>[\/vc_column_text][\/vc_column][\/vc_row][vc_row][vc_column][vc_column_text css=&#8220;&#8220;]<\/p>\n<div class=\"col-md-12\">\n<h2>Statusfeststellung gem\u00e4\u00df LuftSiG<\/h2>\n<\/div>\n<div class=\"col-12\">\n<div class=\"text-2-cols\">\n<p>Luftfrachtsendungen unterliegen strengen Standards. Bei uns erfassen Sie Ihre Kunden, die Versender und die anliefernden Transporteure einmalig und erhalten tagesaktuell die aktuellen Sicherheitsstati gem\u00e4\u00df LBA Vorgabe. So k\u00f6nnen wir Ihrer Annahme schon bei der Erfassung mitteilen welchen Status sie einer Sendung geben. So sind ab der ersten Minute die n\u00f6tigen Kontrollma\u00dfnahmen klar und k\u00f6nnen Minuten nach der Entladung eingeleitet werden. Ihre LSKK sieht auf einen Blick, wieviele Sendungen noch kontrolliert werden m\u00fcssen und ob ausreichend Checks (auch f\u00fcr High Risk Cargo) f\u00fcr die Statusvergabe durchgef\u00fchrt wurden.    <\/p>\n<\/div>\n<\/div>\n<p>[\/vc_column_text][\/vc_column][\/vc_row][vc_row][vc_column]<section class=\"support-area\">\n\t<div class=\"container\">\n\t\t<div class=\"row\">\n\t\t\t<div class=\"col-12\">\n\t\t\t\t<div class=\"support-inner\">\n\t\t\t\t\t<div class=\"support-text\">\n\t\t\t\t\t\t<h6>Your IT department will love it.<\/h6>\n\t\t\t\t\t\t<h2>\n\t\t\t\t\t\t\tNo installation or manual updates needed - try it out today! Great support around when ever you need it\t\t\t\t\t\t<\/h2>\n\t\t\t\t\t<\/div>\n\n\t\t\t\t\t<div class=\"support-btm\">\n\t\t\t\t\t\t<div class=\"support-btm-single\">\n\t\t\t\t\t\t\t<div class=\"support-icon\">\n\t\t\t\t\t\t\t\t<img decoding=\"async\" src=\"https:\/\/www.aircargobook.com\/wp-content\/themes\/acb-theme\/assets\/img\/call.png\"\n\t\t\t\t\t\t\t\t\talt=\"Call Icon\" \/>\n\t\t\t\t\t\t\t<\/div>\n\n\t\t\t\t\t\t\t<div>\n\t\t\t\t\t\t\t\t<h6>\n\t\t\t\t\t\t\t\t\tPhone\t\t\t\t\t\t\t\t<\/h6>\n\t\t\t\t\t\t\t\t<a href=\"tel:+4969348771498\">+49 69 348 771 49 8<\/a>\n\t\t\t\t\t\t\t<\/div>\n\t\t\t\t\t\t<\/div>\n\n\t\t\t\t\t\t<div class=\"or\">\n\t\t\t\t\t\t\t<span>or<\/span>\n\t\t\t\t\t\t<\/div>\n\n\t\t\t\t\t\t<div class=\"support-btm-single\">\n\t\t\t\t\t\t\t<div class=\"support-icon\">\n\t\t\t\t\t\t\t\t<img decoding=\"async\" src=\"https:\/\/www.aircargobook.com\/wp-content\/themes\/acb-theme\/assets\/img\/mail.png\"\n\t\t\t\t\t\t\t\t\talt=\"Mail Icon\" \/>\n\t\t\t\t\t\t\t<\/div>\n\n\t\t\t\t\t\t\t<div>\n\t\t\t\t\t\t\t\t<h6>\n\t\t\t\t\t\t\t\t\tEmail\t\t\t\t\t\t\t\t<\/h6>\n\t\t\t\t\t\t\t\t<a href=\"mailto:support@aircargobook.com\"\n\t\t\t\t\t\t\t\t\tclass=\"marigold-text\">support@aircargobook.com<\/a>\n\t\t\t\t\t\t\t<\/div>\n\t\t\t\t\t\t<\/div>\n\t\t\t\t\t<\/div>\n\t\t\t\t<\/div>\n\t\t\t<\/div>\n\t\t<\/div>\n\t<\/div>\n<\/section>[\/vc_column][\/vc_row]<\/p>\n<\/div>","protected":false},"excerpt":{"rendered":"<p>[vc_row][vc_column][vc_row_inner][vc_column_inner width=&#8220;1\/2&#8243;][vc_custom_heading text=&#8220;Ihr digitales Warehouse&#8220; google_fonts=&#8220;font_family:Open%20Sans%3A300%2C300italic%2Cregular%2Citalic%2C600%2C600italic%2C700%2C700italic%2C800%2C800italic|font_style:400%20regular%3A400%3Anormal&#8220; css=&#8220;&#8220;][vc_column_text css=&#8220;&#8220;]Nutzen Sie unser Warehouse Portal, um Sicherheitsstatus von Partnern live verfolgen zu k\u00f6nnen und nachzuvollziehen, in welchem Status sich eine Sendung befindet. Automatische Benachrichtigungen und effiziente Verwaltung von Ma\u00dfnahmen zum Vorgehen bei unvorhergesehenen Ereignissen, helfen Problemen immer einen Schritt voraus zu sein. Im Anschluss helfen aussagekr\u00e4ftige Reports, die [&hellip;]<\/p>\n","protected":false},"author":2,"featured_media":0,"parent":88,"menu_order":2,"comment_status":"closed","ping_status":"closed","template":"templates\/product.php","meta":{"_acf_changed":false,"footnotes":""},"class_list":["post-630","page","type-page","status-publish","hentry"],"acf":[],"_links":{"self":[{"href":"https:\/\/www.aircargobook.com\/de\/wp-json\/wp\/v2\/pages\/630","targetHints":{"allow":["GET"]}}],"collection":[{"href":"https:\/\/www.aircargobook.com\/de\/wp-json\/wp\/v2\/pages"}],"about":[{"href":"https:\/\/www.aircargobook.com\/de\/wp-json\/wp\/v2\/types\/page"}],"author":[{"embeddable":true,"href":"https:\/\/www.aircargobook.com\/de\/wp-json\/wp\/v2\/users\/2"}],"replies":[{"embeddable":true,"href":"https:\/\/www.aircargobook.com\/de\/wp-json\/wp\/v2\/comments?post=630"}],"version-history":[{"count":5,"href":"https:\/\/www.aircargobook.com\/de\/wp-json\/wp\/v2\/pages\/630\/revisions"}],"predecessor-version":[{"id":1069,"href":"https:\/\/www.aircargobook.com\/de\/wp-json\/wp\/v2\/pages\/630\/revisions\/1069"}],"up":[{"embeddable":true,"href":"https:\/\/www.aircargobook.com\/de\/wp-json\/wp\/v2\/pages\/88"}],"wp:attachment":[{"href":"https:\/\/www.aircargobook.com\/de\/wp-json\/wp\/v2\/media?parent=630"}],"curies":[{"name":"wp","href":"https:\/\/api.w.org\/{rel}","templated":true}]}}