{"id":81,"date":"2024-05-29T09:15:15","date_gmt":"2024-05-29T09:15:15","guid":{"rendered":"https:\/\/www.aircargobook.com\/datenschutzrichtlinien\/"},"modified":"2024-11-13T10:09:24","modified_gmt":"2024-11-13T10:09:24","slug":"datenschutzrichtlinien","status":"publish","type":"page","link":"https:\/\/www.aircargobook.com\/de\/datenschutzrichtlinien\/","title":{"rendered":"Datenschutzrichtlinien"},"content":{"rendered":"<div class=\"wpb-content-wrapper\"><p>[vc_row][vc_column width=&#8220;1\/2&#8243;][vc_column_text css=&#8220;&#8220;]<strong>Letztes Update: 6. Juni 2024<\/strong>[\/vc_column_text][\/vc_column][vc_column width=&#8220;1\/2&#8243;][\/vc_column][\/vc_row][vc_row][vc_column][vc_column_text css=&#8220;&#8220;]<strong>1. Organisationsdetails<\/strong><\/p>\n<p><strong>aircargobook GmbH<br \/>\n<\/strong>Email: <a rel=\"noreferrer\">support@aircargobook.com<\/a><\/p>\n<p>Willkommen bei der aircargobook GmbH (\u201ewir\u201c, \u201euns\u201c, \u201eunser\u201c). We f\u00fchren die Webseiten <a href=\"http:\/\/www.aircargobook.com\/\" target=\"_new\" rel=\"noreferrer noopener\">www.aircargobook.com<\/a> und www.aircargo.id und bieten Logistikunternehmen verschiedene digitale L\u00f6sungen zur Optimierung von Prozessen. Zu den angebotenen Produkten geh\u00f6ren auch unsere \u201cLive POD\u201d und \u201cCDR Pro\u201d App. Unsere Hauptmission ist es, Transporte zu digitalisieren, die Planung zu verbessern und moderne IT-Infrastruktur f\u00fcr eine verbesserte Kommunikation und Datenverarbeitung zu nutzen.<\/p>\n<p><strong>2. Datenerhebung<\/strong><\/p>\n<p>Wir sammeln verschiedene Arten von pers\u00f6nlichen Daten, um unsere Services anbieten und verbessern zu k\u00f6nnen. Zu den erhobenen Daten geh\u00f6ren:<\/p>\n<ul>\n<li>Name<\/li>\n<li>E-Mail Adresse<\/li>\n<li>Telefonnummern<\/li>\n<li>Jobtitel<\/li>\n<li>Zahlungsinformationen<\/li>\n<li>Browser und Version<\/li>\n<li>IP Informationen<\/li>\n<li>Standortdaten<\/li>\n<\/ul>\n<p>Die meisten Daten werden \u00fcber Formulare auf unserer Webseite erhoben. Erg\u00e4nzend werden auch IP und Browser Details \u00fcber Cookies und Third-Party Services (z.B. Google AdSense) erhoben.<\/p>\n<p>Ortungsdaten k\u00f6nnen innerhalb unseres App \u00d6kosystems (LivePOD App und CDR Pro App) genutzt werden, um die aktuelle Position der Sendung oder den Ausf\u00fchrungsort eines Prozesses zu bestimmen. Einstellungen hierzu k\u00f6nnen in der jeweiligen App oder dem jeweiligen Betriebssystem vorgenommen werden.<\/p>\n<p><strong>3. Nutzen der Datenerhebung<\/strong><\/p>\n<p>Wir sammeln pers\u00f6nliche Daten f\u00fcr die folgenden Zwecke:<\/p>\n<ul>\n<li>Um unsere Kern-Services im Web und unseren Apps anbieten zu k\u00f6nnen<\/li>\n<li>Um Track &amp; Trace Services anbieten zu k\u00f6nnen<\/li>\n<li>F\u00fcr unsere eigenen Marketing Zwecke<\/li>\n<li>Um die Nutzererfahrung und Support auf unserer Webseite und in unseren Apps zu verbessern<\/li>\n<\/ul>\n<p><strong>4. Teilen von Daten<\/strong><\/p>\n<p>Wir teilen pers\u00f6nliche Daten mit digitalen Dienstleistungsanbietern wie E-Mail Versendern oder Hosting-Partnern, um deren Services in Anspruch nehmen zu k\u00f6nnen. Wir teilen Ihre personenbezogenen Daten nicht mit Dritten, um uns zu bereichern.<\/p>\n<p><strong>5. Rechte der Nutzer<\/strong><\/p>\n<p>Nutzer haben die folgenden Recht bez\u00fcglich ihrer personenbezogenen Daten:<\/p>\n<ul>\n<li>Zugriff: Nutzer k\u00f6nnen ihre personenbezogenen Daten \u00fcber die Plattform www.aircargobook.com erreichen.<\/li>\n<li>Bearbeitung: Nutzer k\u00f6nnen ihre Daten in ihren Account-Einstellungen auf www.aircargobook.com verwalten.<\/li>\n<li>L\u00f6schung: Nutzer k\u00f6nnen per Mail an <a rel=\"noreferrer\">support@aircargobook.com<\/a> eine L\u00f6schung Ihrer Daten beantragen.<\/li>\n<\/ul>\n<p><strong>6. Datensicherheit<\/strong><\/p>\n<p>Wir nehmen die Sicherheit personenbezogener Daten ernst. S\u00e4mtlichte personenbezogenen Daten werden sicher auf AWS Servern in Deutschland gehostet. Wir nutzen HTTPS, um eine sichere Kommunikation zwischen unseren Servern und Nutzern zu gew\u00e4hrleisten.<\/p>\n<p><strong>7. Legal Compliance<\/strong><\/p>\n<p>aircargobook arbeitet in Deutschland und folgt den landesrechtlichen Gesetzgebungen. Weiterhin versuchen wir GDPR Richtlinien zu folgen.<\/p>\n<p><strong>8. Cookies und Tracking<\/strong><\/p>\n<p>Wir nutzen Cookies, f\u00fcr das Tracken von Sitzungen, da die Kernfunktionen hinter einem Login erreichbar sind. Wir nutzen Session und App Data nur zum Zwecke der Verbesserung und \u00dcberpr\u00fcfung der Nutzererfahrung.<\/p>\n<p><strong>9. \u00c4nderungen der Bestimmung<\/strong><\/p>\n<p>Sollten wir unsere Datenschutzbestimmungen \u00e4ndern, weisen wir auf unserem Dashboard und per Mail darauf hin.<\/p>\n<p><strong>Kontakt<\/strong><\/p>\n<p>Falls Fragen zu unserer Datenschutzrichtlinie, deren Umstzung oder unsere digitalen Prozesse aufkommen, schreiben Sie uns gerne eine Mail an <a rel=\"noreferrer\">support@aircargobook.com<\/a>.[\/vc_column_text][\/vc_column][\/vc_row]<\/p>\n<\/div>","protected":false},"excerpt":{"rendered":"<p>[vc_row][vc_column width=&#8220;1\/2&#8243;][vc_column_text css=&#8220;&#8220;]Letztes Update: 6. Juni 2024[\/vc_column_text][\/vc_column][vc_column width=&#8220;1\/2&#8243;][\/vc_column][\/vc_row][vc_row][vc_column][vc_column_text css=&#8220;&#8220;]1. Organisationsdetails aircargobook GmbH Email: support@aircargobook.com Willkommen bei der aircargobook GmbH (\u201ewir\u201c, \u201euns\u201c, \u201eunser\u201c). We f\u00fchren die Webseiten www.aircargobook.com und www.aircargo.id und bieten Logistikunternehmen verschiedene digitale L\u00f6sungen zur Optimierung von Prozessen. Zu den angebotenen Produkten geh\u00f6ren auch unsere \u201cLive POD\u201d und \u201cCDR Pro\u201d App. Unsere Hauptmission ist [&hellip;]<\/p>\n","protected":false},"author":1,"featured_media":0,"parent":0,"menu_order":3,"comment_status":"closed","ping_status":"closed","template":"","meta":{"_acf_changed":false,"footnotes":""},"class_list":["post-81","page","type-page","status-publish","hentry"],"acf":[],"_links":{"self":[{"href":"https:\/\/www.aircargobook.com\/de\/wp-json\/wp\/v2\/pages\/81","targetHints":{"allow":["GET"]}}],"collection":[{"href":"https:\/\/www.aircargobook.com\/de\/wp-json\/wp\/v2\/pages"}],"about":[{"href":"https:\/\/www.aircargobook.com\/de\/wp-json\/wp\/v2\/types\/page"}],"author":[{"embeddable":true,"href":"https:\/\/www.aircargobook.com\/de\/wp-json\/wp\/v2\/users\/1"}],"replies":[{"embeddable":true,"href":"https:\/\/www.aircargobook.com\/de\/wp-json\/wp\/v2\/comments?post=81"}],"version-history":[{"count":5,"href":"https:\/\/www.aircargobook.com\/de\/wp-json\/wp\/v2\/pages\/81\/revisions"}],"predecessor-version":[{"id":1050,"href":"https:\/\/www.aircargobook.com\/de\/wp-json\/wp\/v2\/pages\/81\/revisions\/1050"}],"wp:attachment":[{"href":"https:\/\/www.aircargobook.com\/de\/wp-json\/wp\/v2\/media?parent=81"}],"curies":[{"name":"wp","href":"https:\/\/api.w.org\/{rel}","templated":true}]}}