{"id":84,"date":"2024-05-31T20:41:54","date_gmt":"2024-05-31T20:41:54","guid":{"rendered":"https:\/\/www.aircargobook.com\/laderaumkarte\/"},"modified":"2024-11-14T11:44:13","modified_gmt":"2024-11-14T11:44:13","slug":"laderaumkarte","status":"publish","type":"page","link":"https:\/\/www.aircargobook.com\/de\/unsere-loesungen\/laderaumkarte\/","title":{"rendered":"Laderaumkarte"},"content":{"rendered":"<div class=\"wpb-content-wrapper\"><p>[vc_row][vc_column width=&#8220;1\/2&#8243;][vc_custom_heading text=&#8220;Freie Kapazit\u00e4ten f\u00fcllen&#8220; google_fonts=&#8220;font_family:Open%20Sans%3A300%2C300italic%2Cregular%2Citalic%2C600%2C600italic%2C700%2C700italic%2C800%2C800italic|font_style:400%20regular%3A400%3Anormal&#8220; css=&#8220;&#8220;][vc_column_text css=&#8220;&#8220;]R\u00fcckfrachten zu sichern ist eine der effektivsten Methoden, um die Rentabilit\u00e4t Ihrer Lkw zu maximieren, ohne auf hohe Preise zur\u00fcckzugreifen, die Kunden abschrecken k\u00f6nnten. Ein simpler Ansatz: Wenn Sie im Auftrag eines Kunden Waren von Punkt A nach Punkt B transportieren, bringt Ihnen eine Bezahlung nur f\u00fcr die Hinreise geringere Einnahmen. Durch zus\u00e4tzliche Buchungen f\u00fcr die R\u00fcckfahrt oder den n\u00e4chsten strategischen Standort k\u00f6nnen Sie den Umsatz steigern und Ihre Ressourcen effizienter nutzen. F\u00fcr diejenigen, die nach freien Kapazit\u00e4ten suchen, ist es oft eine Herausforderung, den aktuellen Standort der Lkw zu verfolgen. M\u00f6chten Sie Echtzeitdaten zu verf\u00fcgbaren Kapazit\u00e4ten einsehen? Genau deshalb haben wir unsere <a href=\"\/capacities\/map\">Capacity Map<\/a> entwickelt.[\/vc_column_text][vc_column_text css=&#8220;&#8220;]<\/p>\n<h2>Kapazit\u00e4ten ver\u00f6ffentlichen<\/h2>\n<p>Leiten Sie einfach Ihre bestehenden Mails mit Informationen zu freien Trucks und Kapaztit\u00e4ten an unsere spezielle E-Mail-Adresse, trucks@aircargobook.com weiter, und wir ver\u00f6ffentlichen sie so schnell wie m\u00f6glich. In der Regel k\u00f6nnen wir Ihre Angaben innerhalb einer Stunde verarbeiten und online stellen, sodass potenzielle Kunden Ihre Kapazit\u00e4ten rechtzeitig und akkurat einsehen k\u00f6nnen. Alternativ k\u00f6nnen Sie Ihre Kapazit\u00e4ten auch eigenst\u00e4ndig \u00fcber <a href=\"\/capacities\/add\">unser Web-Formular<\/a> ver\u00f6ffentlichen. Bei Fragen oder Unterst\u00fctzungsbedarf kontaktieren Sie uns gerne unter <a href=\"mailto:support@aircargobook.com\">support@aircargobook.com<\/a>.[\/vc_column_text][\/vc_column][vc_column width=&#8220;1\/2&#8243;][vc_single_image image=&#8220;57&#8243; img_size=&#8220;large&#8220; css=&#8220;&#8220;][\/vc_column][\/vc_row][vc_row][vc_column][vc_custom_heading text=&#8220;H\u00e4ufige Fragen&#8220; google_fonts=&#8220;font_family:Open%20Sans%3A300%2C300italic%2Cregular%2Citalic%2C600%2C600italic%2C700%2C700italic%2C800%2C800italic|font_style:400%20regular%3A400%3Anormal&#8220; css=&#8220;&#8220;][vc_tta_accordion][vc_tta_section title=&#8220;Wie lange dauert es, meine Kapazit\u00e4t zu ver\u00f6ffentlichen?&#8220; tab_id=&#8220;1717188605067-b199c33e-9251&#8243;][vc_column_text css=&#8220;&#8220;]Abh\u00e4ngig davon, wie Sie uns \u00fcber Ihre Kapazit\u00e4ten informieren, kann h\u00e4ndische Arbeit erforderlich sein. Wenn Sie uns einfach E-Mails weiterleiten, dauert das Verarbeiten und Ver\u00f6ffentlichen der Kapazit\u00e4ten durchschnittlich 15 bis 30 Minuten. Wenn Sie \u00fcber EDI oder API angebunden sind erscheinen die Daten in Echtzeit bei uns.[\/vc_column_text][\/vc_tta_section][vc_tta_section title=&#8220;Was kostet es, meine Kapazit\u00e4t zu ver\u00f6ffentlichen?&#8220; tab_id=&#8220;1717188605072-db5a53d0-af64&#8243;][vc_column_text css=&#8220;&#8220;]Freie Kapazit\u00e4ten zu ver\u00f6ffentlichen ist ein kostenloser Service. Wir bem\u00fchen uns die Daten so schnell und fehlerfrei wie m\u00f6glich zu verarbeiten. Wenn Sie besondere Anforderungen haben, gibt es immer die M\u00f6glichkeit \u00fcber angepasste L\u00f6sungen zu sprechen.[\/vc_column_text][\/vc_tta_section][vc_tta_section title=&#8220;Wie lange ist mein Fahrzeug zu sehen?&#8220; tab_id=&#8220;1717188679936-1d23a460-d873&#8243;][vc_column_text css=&#8220;&#8220;]Solange wir eine Verf\u00fcgbarkeit f\u00fcr realistisch halten. Falls keine Informationen hierzu in Ihren Mails hinterlegt sind, nehmen wir eine Verf\u00fcgbarkeit von 24 Stunden an. Sind Angaben zum Zeitraum der Verf\u00fcgbarkeit gegeben, versuchen wir diese bei der Ver\u00f6ffentlichung beachten.[\/vc_column_text][\/vc_tta_section][vc_tta_section title=&#8220;Verlangen Sie eine Geb\u00fchr oder Provision f\u00fcr die Buchung?&#8220; tab_id=&#8220;1717188703827-eee01e62-74a6&#8243;][vc_column_text css=&#8220;&#8220;]Finden von freien Kapazit\u00e4ten in unserer Karte ist genauso kostenlos. Speditionen k\u00f6nnen die Trucks und Kapazit\u00e4ten kostenfrei ansehen und den zugeh\u00f6rigen Transportunternehmer direkt kontaktieren.[\/vc_column_text][\/vc_tta_section][vc_tta_section title=&#8220;Kann ich meine Fahrzeuge wieder l\u00f6schen oder die Ver\u00f6ffentlichung aufheben?&#8220; tab_id=&#8220;1717188705486-b1ddeb37-7a76&#8243;][vc_column_text css=&#8220;&#8220;]Wenn Ihr Fahrzeug nicht mehr verf\u00fcgbar ist und wir das mitbekommen, entfernen wir es von unserer Karte. Erg\u00e4nzend k\u00f6nnen Sie Ihre eigenen Fahrzeuge jederzeit kostenfrei entfernen bzw. stornieren indem Sie einen Account auf aircargobook nutzen.[\/vc_column_text][\/vc_tta_section][vc_tta_section title=&#8220;Kann ich die Karte \/ Daten auf meiner eigenen Webseite einbinden?&#8220; tab_id=&#8220;1717188707342-9e0003c3-86c6&#8243;][vc_column_text css=&#8220;&#8220;]Falls Sie unsere Laderaumkarte ganz oder teilweise auf Ihrer Webseite einbinden wollen, schreiben Sie uns bitte eine kurze Mail an <a href=\"mailto:support@aircargobook.com\">support@aircargobook.com<\/a> und wir werden Sie so bald wie m\u00f6glich kontaktieren.[\/vc_column_text][\/vc_tta_section][vc_tta_section title=&#8220;Kann ich Statistiken erhalten?&#8220; tab_id=&#8220;1717188808156-8ff90354-72a6&#8243;][vc_column_text css=&#8220;&#8220;]Falls Sie an historischen Daten oder Aggregierungen interessiert sind, wenden Sie sich bitte an unser <a href=\"mailto:support@aircargobook.com\">Support Team<\/a> und wir \u00fcberpr\u00fcfen die m\u00f6glichen L\u00f6sungen.[\/vc_column_text][\/vc_tta_section][\/vc_tta_accordion][\/vc_column][\/vc_row]<\/p>\n<\/div>","protected":false},"excerpt":{"rendered":"<p>[vc_row][vc_column width=&#8220;1\/2&#8243;][vc_custom_heading text=&#8220;Freie Kapazit\u00e4ten f\u00fcllen&#8220; google_fonts=&#8220;font_family:Open%20Sans%3A300%2C300italic%2Cregular%2Citalic%2C600%2C600italic%2C700%2C700italic%2C800%2C800italic|font_style:400%20regular%3A400%3Anormal&#8220; css=&#8220;&#8220;][vc_column_text css=&#8220;&#8220;]R\u00fcckfrachten zu sichern ist eine der effektivsten Methoden, um die Rentabilit\u00e4t Ihrer Lkw zu maximieren, ohne auf hohe Preise zur\u00fcckzugreifen, die Kunden abschrecken k\u00f6nnten. Ein simpler Ansatz: Wenn Sie im Auftrag eines Kunden Waren von Punkt A nach Punkt B transportieren, bringt Ihnen eine Bezahlung nur f\u00fcr die [&hellip;]<\/p>\n","protected":false},"author":2,"featured_media":0,"parent":88,"menu_order":4,"comment_status":"closed","ping_status":"closed","template":"templates\/product.php","meta":{"_acf_changed":false,"footnotes":""},"class_list":["post-84","page","type-page","status-publish","hentry"],"acf":[],"_links":{"self":[{"href":"https:\/\/www.aircargobook.com\/de\/wp-json\/wp\/v2\/pages\/84","targetHints":{"allow":["GET"]}}],"collection":[{"href":"https:\/\/www.aircargobook.com\/de\/wp-json\/wp\/v2\/pages"}],"about":[{"href":"https:\/\/www.aircargobook.com\/de\/wp-json\/wp\/v2\/types\/page"}],"author":[{"embeddable":true,"href":"https:\/\/www.aircargobook.com\/de\/wp-json\/wp\/v2\/users\/2"}],"replies":[{"embeddable":true,"href":"https:\/\/www.aircargobook.com\/de\/wp-json\/wp\/v2\/comments?post=84"}],"version-history":[{"count":5,"href":"https:\/\/www.aircargobook.com\/de\/wp-json\/wp\/v2\/pages\/84\/revisions"}],"predecessor-version":[{"id":1106,"href":"https:\/\/www.aircargobook.com\/de\/wp-json\/wp\/v2\/pages\/84\/revisions\/1106"}],"up":[{"embeddable":true,"href":"https:\/\/www.aircargobook.com\/de\/wp-json\/wp\/v2\/pages\/88"}],"wp:attachment":[{"href":"https:\/\/www.aircargobook.com\/de\/wp-json\/wp\/v2\/media?parent=84"}],"curies":[{"name":"wp","href":"https:\/\/api.w.org\/{rel}","templated":true}]}}