{"id":88,"date":"2024-05-23T14:57:58","date_gmt":"2024-05-23T14:57:58","guid":{"rendered":"https:\/\/www.aircargobook.com\/unsere-loesungen\/"},"modified":"2026-02-14T21:45:26","modified_gmt":"2026-02-14T21:45:26","slug":"unsere-loesungen","status":"publish","type":"page","link":"https:\/\/www.aircargobook.com\/de\/unsere-loesungen\/","title":{"rendered":"Unsere L\u00f6sungen"},"content":{"rendered":"<div class=\"wpb-content-wrapper\"><p>[vc_row full_width=&#8220;stretch_row_content_no_spaces&#8220; parallax=&#8220;content-moving&#8220; parallax_image=&#8220;722&#8243;][vc_column parallax=&#8220;content-moving&#8220; parallax_image=&#8220;354&#8243; css_animation=&#8220;none&#8220;][vc_empty_space height=&#8220;128&#8243;][vc_empty_space height=&#8220;128&#8243;][vc_column_text css=&#8220;&#8220; el_class=&#8220;title-text-shadow&#8220;]<\/p>\n<h1 style=\"text-align: center; font-weight: bold; color: #ffffff;\">Luftfracht Logistiksoftware aus den Wolken<\/h1>\n<p>[\/vc_column_text][vc_empty_space height=&#8220;256&#8243;][\/vc_column][\/vc_row][vc_row full_width=&#8220;stretch_row&#8220; css=&#8220;.vc_custom_1729595976192{padding-top: 64px !important;padding-bottom: 64px !important;}&#8220;][vc_column parallax=&#8220;content-moving&#8220; parallax_image=&#8220;354&#8243; css_animation=&#8220;none&#8220;][vc_custom_heading text=&#8220;Entdecken Sie unsere Produkte&#8220; font_container=&#8220;tag:h2|text_align:center&#8220; google_fonts=&#8220;font_family:Magra%3Aregular%2C700|font_style:700%20bold%20regular%3A700%3Anormal&#8220; css=&#8220;&#8220;][vc_empty_space][vc_row_inner][vc_column_inner width=&#8220;1\/3&#8243;]<div class=\"post-card\">\n    <a href=\"https:\/\/www.aircargobook.com\/en\/products\/warehouse\/\">\n                        <img decoding=\"async\" src=\"https:\/\/www.aircargobook.com\/wp-content\/uploads\/2024\/10\/Happy-container-High-Resolution-JPG-file.png\" style=\"object-fit: contain; height: 260px;\">\n        \n        <div class=\"post-card-content\">\n            <h6><small>Product<\/small><\/h6>\n            <h3>Warehouse<\/h3>\n            <p>Warehouse where we house your shipments in your cloud<\/p>\n\n            <button>Mehr erfahren<\/button>\n        <\/div>\n\n    <\/a>\n<\/div>[\/vc_column_inner][vc_column_inner width=&#8220;1\/3&#8243;]<div class=\"post-card\">\n    <a href=\"https:\/\/www.aircargobook.com\/en\/products\/aircargo-alert\/\">\n                        <img decoding=\"async\" src=\"https:\/\/www.aircargobook.com\/wp-content\/uploads\/2024\/07\/rakc_check_mac.png\" style=\"object-fit: contain; height: 240px;\">\n        \n        <div class=\"post-card-content\">\n            <h6><small>Product<\/small><\/h6>\n            <h3>Aircargo-Alert<\/h3>\n            <p>Staying up-to-date on your delivery partners has never been this easy<\/p>\n\n            <button>Mehr erfahren<\/button>\n        <\/div>\n\n    <\/a>\n<\/div>[\/vc_column_inner][vc_column_inner width=&#8220;1\/3&#8243;]<div class=\"post-card\">\n    <a href=\"https:\/\/www.aircargobook.com\/en\/products\/capacity-map\/\">\n                        <img decoding=\"async\" src=\"https:\/\/www.aircargobook.com\/wp-content\/uploads\/2024\/05\/capacity_map.png\" style=\"object-fit: contain; height: 240px;\">\n        \n        <div class=\"post-card-content\">\n            <h6><small>Product<\/small><\/h6>\n            <h3>Capacity map<\/h3>\n            <p>Simply forward your existing free-truck-newsletter to our email and we publish it as fast as we can.<\/p>\n\n            <button>Mehr erfahren<\/button>\n        <\/div>\n\n    <\/a>\n<\/div>[\/vc_column_inner][\/vc_row_inner][\/vc_column][\/vc_row][vc_row full_width=&#8220;stretch_row&#8220; css=&#8220;.vc_custom_1730205658295{background-color: #f4f4f4 !important;}&#8220;][vc_column parallax=&#8220;content-moving&#8220; parallax_image=&#8220;354&#8243; css_animation=&#8220;none&#8220;][vc_empty_space]<div class=\"container mt-4\">\n    <div class=\"row\">\n        <div class=\"col-md-8\">\n            <div class=\"d-flex align-items-center mb-4\">\n                                <h2 class=\"font-weight-bold mb-0\">Trucking rates<\/h2>\n            <\/div>\n\n            <h4 class=\"vc_separator\" style=\"font-size: 100%;\">Discover the future of price calculation and optimize your rates<\/h4>\n\n            <hr class=\"mt-0\" \/>\n\n            <p>Increase your logistics efficiency with our intelligent trucking rate search tool. It allows you to quickly calculate prices and generate precise quotes by standardizing rate sheets from various carriers, keeping the best prices and conditions accessible. Our solution links weight limits directly with rates in a straightforward, zone-based system and lets you add surcharges like diesel, CO2, or material-specific fees as needed. This transparency enhances your cost structure, giving you a competitive edge with a user-friendly platform that boosts accuracy and saves resources.<\/p>\n\n            <div class=\"mt-4\">\n                <a href=\"https:\/\/www.aircargobook.com\/en\/products\/trucking-rates\/\"\n                    class=\"vc_general vc_btn3 vc_btn3-size-md vc_btn3-color-acb_blue_default vc_btn3-style-filled\">\n                    Read more                <\/a>\n            <\/div>\n        <\/div>\n\n        <div class=\"col-md-4 text-end m-auto\">\n                                        <img decoding=\"async\" src=\"https:\/\/www.aircargobook.com\/wp-content\/uploads\/2026\/03\/trucking_Rates_header_en.png\" class=\"rounded product-featured-image\" width=\"100%\" height=\"auto\">\n                    <\/div>\n    <\/div>\n<\/div>\n[vc_empty_space height=&#8220;64px&#8220;][\/vc_column][\/vc_row][vc_row full_width=&#8220;stretch_row&#8220;][vc_column parallax=&#8220;content-moving&#8220; parallax_image=&#8220;354&#8243; css_animation=&#8220;none&#8220;][vc_empty_space]<div class=\"container mt-4\">\n    <div class=\"row\">\n        <div class=\"col-md-8\">\n            <div class=\"d-flex align-items-center mb-4\">\n                                <h2 class=\"font-weight-bold mb-0\">Transport Management<\/h2>\n            <\/div>\n\n            <h4 class=\"vc_separator\" style=\"font-size: 100%;\">Managing inbound transport requests, handling and planning shipments and trips<\/h4>\n\n            <hr class=\"mt-0\" \/>\n\n            <div class=\"row product__item__argument\">\n<div class=\"col-md-12\"><\/div>\n<div class=\"col-12\">\n<div class=\"text-2-cols\">\n<p>Depending on your operations you can publish trips for your team, clients or subcontractors. When you assign an internal or external transporting partner, all involved parties will be informed about the upcoming tour. We will keep you updated about assigned drivers, received status updates and allow you to access and upload PODs and documents for your tour.<\/p>\n<\/div>\n<\/div>\n<\/div>\n<div class=\"row product__item__argument\">\n<div class=\"col-md-12\"><\/div>\n<div class=\"col-12\">\n<div class=\"text-2-cols\">\n<p>Any planned and published tour can receive status informations from your trucking company via our free mobile app or by connecting it to your onboard units.<\/p>\n<\/div>\n<\/div>\n<\/div>\n\n            <div class=\"mt-4\">\n                <a href=\"https:\/\/www.aircargobook.com\/en\/products\/tms\/\"\n                    class=\"vc_general vc_btn3 vc_btn3-size-md vc_btn3-color-acb_blue_default vc_btn3-style-filled\">\n                    Read more                <\/a>\n            <\/div>\n        <\/div>\n\n        <div class=\"col-md-4 text-end m-auto\">\n                                        <img decoding=\"async\" src=\"https:\/\/www.aircargobook.com\/wp-content\/uploads\/2024\/10\/Plan-your-Startup.png\" class=\"rounded product-featured-image\" width=\"100%\" height=\"auto\">\n                    <\/div>\n    <\/div>\n<\/div>\n[vc_empty_space height=&#8220;64px&#8220;][\/vc_column][\/vc_row][vc_row full_width=&#8220;stretch_row&#8220; css=&#8220;.vc_custom_1729594202652{background-color: rgba(183,188,191,0.23) !important;*background-color: rgb(183,188,191) !important;}&#8220;][vc_column parallax=&#8220;content-moving&#8220; parallax_image=&#8220;354&#8243; css_animation=&#8220;none&#8220;][vc_empty_space]<div class=\"container mt-4\">\n    <div class=\"row\">\n        <div class=\"col-md-8\">\n            <div class=\"d-flex align-items-center mb-4\">\n                                    <img decoding=\"async\" src=\"https:\/\/www.aircargobook.com\/wp-content\/uploads\/2024\/09\/cdr_icon.png\" alt=\"\" class=\"img-fluid me-3\"\n                        width=\"64px\">\n                                <h2 class=\"font-weight-bold mb-0\">CDR Pro<\/h2>\n            <\/div>\n\n            <h4 class=\"vc_separator\" style=\"font-size: 100%;\">Reporting and Documentation made easy<\/h4>\n\n            <hr class=\"mt-0\" \/>\n\n            <div class=\"wpb_text_column wpb_content_element\">\n<div class=\"wpb_wrapper\">\n<p>In the fast-paced world of logistics, documentation is the unsung hero that keeps everything running smoothly and trackable. Every shipment, every transaction, and every detail relies on precise and accessible records to ensure that goods move seamlessly from point A to point B.<\/p>\n<p>It ensures compliance with international regulations, facilitates clear communication between partners, and provides a reliable reference for resolving disputes. Without it, your logistics chain can quickly become tangled in confusion and delays.<\/p>\n<\/div>\n<\/div>\n\n            <div class=\"mt-4\">\n                <a href=\"https:\/\/www.aircargobook.com\/en\/products\/cdr-pro\/\"\n                    class=\"vc_general vc_btn3 vc_btn3-size-md vc_btn3-color-acb_blue_default vc_btn3-style-filled\">\n                    Read more                <\/a>\n            <\/div>\n        <\/div>\n\n        <div class=\"col-md-4 text-end m-auto\">\n                                        <img decoding=\"async\" src=\"https:\/\/www.aircargobook.com\/wp-content\/uploads\/2024\/07\/cdr_case_view.png\" class=\"rounded product-featured-image\" width=\"100%\" height=\"auto\">\n                    <\/div>\n    <\/div>\n<\/div>\n[vc_empty_space height=&#8220;64px&#8220;][\/vc_column][\/vc_row][vc_row full_width=&#8220;stretch_row&#8220; css=&#8220;.vc_custom_1729594212978{background-color: rgba(221,209,179,0.17) !important;*background-color: rgb(221,209,179) !important;}&#8220;][vc_column parallax=&#8220;content-moving&#8220; parallax_image=&#8220;354&#8243; css_animation=&#8220;none&#8220;][vc_empty_space]<div class=\"container mt-4\">\n    <div class=\"row\">\n        <div class=\"col-md-8\">\n            <div class=\"d-flex align-items-center mb-4\">\n                                    <img decoding=\"async\" src=\"https:\/\/www.aircargobook.com\/wp-content\/uploads\/2024\/09\/livepod_icon.png\" alt=\"\" class=\"img-fluid me-3\"\n                        width=\"64px\">\n                                <h2 class=\"font-weight-bold mb-0\">Live POD<\/h2>\n            <\/div>\n\n            <h4 class=\"vc_separator\" style=\"font-size: 100%;\">The Ultimate Solution for Your Freight Tracking<\/h4>\n\n            <hr class=\"mt-0\" \/>\n\n            <h3 class=\"p1\"><b>Real-Time Status Updates<\/b><\/h3>\n<p class=\"p3\">With Live POD, you can update and follow the status of your shipments in real time. Every movement of your freight is immediately recorded and visible in the app and on our portal, providing you and your customers with transparent and reliable tracking.<\/p>\n<h3 class=\"p1\"><b>Photo Capture and Documentation<\/b><\/h3>\n<p class=\"p3\">Capture images of your freight directly within the app. Whether loading, unloading, or noting special occurrences, all relevant information can be documented through photos and uploaded instantly. These images are accessible at any time through our website.<\/p>\n\n            <div class=\"mt-4\">\n                <a href=\"https:\/\/www.aircargobook.com\/en\/products\/live-pod\/\"\n                    class=\"vc_general vc_btn3 vc_btn3-size-md vc_btn3-color-acb_blue_default vc_btn3-style-filled\">\n                    Read more                <\/a>\n            <\/div>\n        <\/div>\n\n        <div class=\"col-md-4 text-end m-auto\">\n                                        <img decoding=\"async\" src=\"https:\/\/www.aircargobook.com\/wp-content\/uploads\/2024\/07\/livePOD_app_sample.png\" class=\"rounded product-featured-image\" width=\"100%\" height=\"auto\">\n                    <\/div>\n    <\/div>\n<\/div>\n[vc_empty_space height=&#8220;64px&#8220;][\/vc_column][\/vc_row][vc_row full_width=&#8220;stretch_row&#8220; css=&#8220;.vc_custom_1729593539800{background-color: #f4f4f4 !important;}&#8220;][vc_column][vc_custom_heading text=&#8220;Wir bieten eine breite Palette von L\u00f6sungen an, die Reibungen zwischen verschiedenen Marktteilnehmern verringern und Ihnen die Kontrolle \u00fcber Ihre Prozesse zur\u00fcckgeben.&#8220; font_container=&#8220;tag:p|font_size:20|text_align:center|color:%230a0a0a&#8220; google_fonts=&#8220;font_family:Open%20Sans%3A300%2C300italic%2Cregular%2Citalic%2C600%2C600italic%2C700%2C700italic%2C800%2C800italic|font_style:400%20regular%3A400%3Anormal&#8220; css=&#8220;.vc_custom_1731493420606{margin-top: 32px !important;margin-right: 32px !important;margin-bottom: 0px !important;margin-left: 32px !important;padding-top: 16px !important;padding-right: 16px !important;padding-bottom: 16px !important;padding-left: 16px !important;border-radius: 15px !important;}&#8220;][vc_empty_space height=&#8220;64px&#8220;][vc_row_inner][vc_column_inner width=&#8220;1\/2&#8243;]<div class=\"post-card\">\n    <a href=\"https:\/\/www.aircargobook.com\/en\/?page_id=538\">\n        \n        <div class=\"post-card-content\">\n            <h6><small>Product<\/small><\/h6>\n            <h3>Rate Management<\/h3>\n            <p>Always have your rates close by and manage them on the fly.<\/p>\n\n            <button>Mehr erfahren<\/button>\n        <\/div>\n\n    <\/a>\n<\/div><div class=\"post-card\">\n    <a href=\"https:\/\/www.aircargobook.com\/en\/?page_id=520\">\n        \n        <div class=\"post-card-content\">\n            <h6><small>Product<\/small><\/h6>\n            <h3>Ad Hoc Price (Air Rates)<\/h3>\n            <p>Optimal solution for ad-hoc quotations<\/p>\n\n            <button>Mehr erfahren<\/button>\n        <\/div>\n\n    <\/a>\n<\/div>[\/vc_column_inner][vc_column_inner width=&#8220;1\/2&#8243;]<div class=\"post-card\">\n    <a href=\"https:\/\/www.aircargobook.com\/en\/products\/loading-meter-calculator\/\">\n        \n        <div class=\"post-card-content\">\n            <h6><small>Product<\/small><\/h6>\n            <h3>Loading Meter Calculator<\/h3>\n            <p>Calculate and price available capacity in a vehicle.<\/p>\n\n            <button>Mehr erfahren<\/button>\n        <\/div>\n\n    <\/a>\n<\/div><div class=\"post-card\">\n    <a href=\"https:\/\/www.aircargobook.com\/en\/products\/quotations-rfs\/\">\n        \n        <div class=\"post-card-content\">\n            <h6><small>Product<\/small><\/h6>\n            <h3>Ad Hoc Price (RFS)<\/h3>\n            <p>Create a request in less than a minute and send it to trucking companies in a targeted manner<\/p>\n\n            <button>Mehr erfahren<\/button>\n        <\/div>\n\n    <\/a>\n<\/div>[\/vc_column_inner][\/vc_row_inner][vc_empty_space height=&#8220;64px&#8220;][\/vc_column][\/vc_row][vc_row full_width=&#8220;stretch_row_content_no_spaces&#8220;][vc_column parallax=&#8220;content-moving&#8220; parallax_image=&#8220;376&#8243;][vc_empty_space height=&#8220;128&#8243;][vc_row_inner][vc_column_inner width=&#8220;1\/3&#8243;][\/vc_column_inner][vc_column_inner width=&#8220;1\/3&#8243;][vc_custom_heading text=&#8220;Alle unsere Produkte sind \u00fcber jeden Standard-Webbrowser unter Windows, Mac oder Linux zug\u00e4nglich und von Haus aus auf mobile Endger\u00e4te ausgelegt. Sie k\u00f6nnen Daten \u00fcber EDI und API lesen und schreiben, wenn Sie diese in Ihre bestehende Softwarelandschaft integrieren m\u00f6chten. &#8220; font_container=&#8220;tag:p|text_align:center|color:%23ffffff&#8220; google_fonts=&#8220;font_family:Comfortaa%3A300%2Cregular%2C700|font_style:400%20regular%3A400%3Anormal&#8220; css=&#8220;.vc_custom_1731493486626{padding-top: 16px !important;padding-right: 16px !important;padding-bottom: 16px !important;padding-left: 16px !important;background-color: rgba(10,10,10,0.59) !important;*background-color: rgb(10,10,10) !important;border-radius: 15px !important;}&#8220;][\/vc_column_inner][vc_column_inner width=&#8220;1\/3&#8243;][\/vc_column_inner][\/vc_row_inner][vc_empty_space height=&#8220;128&#8243;][\/vc_column][\/vc_row][vc_row][vc_column][vc_empty_space height=&#8220;96&#8243;][vc_toggle title=&#8220;Was bietet aircargobook an?&#8220; css=&#8220;&#8220;]aircargobook.com ist eine Platform f\u00fcr alle Teilnehmer im Luftfrachtsektor. Wir bieten Softwarel\u00f6sungen f\u00fcr Spediteure, Fluggesellschaften, Transportunternehmer und andere Teilnehmer der sicheren Lieferkette, von Transport \u00fcber Planung zu Lagerung. Unsere Lagersoftware zur Verarbeitung und Protokollierungen von Kontrollma\u00dfnahmen, \u00fcber Sendungsaktivit\u00e4ten und Livetracking<\/p>\n<p>Au\u00dferdem bieten wir ein umfangreiches internationales Verzeichnis von Firmen aus der Luftfracht-Branche. So bieten wir unseren Nutzern auch ohne eigene Online-Pr\u00e4senz einen einfachen Einstieg.[\/vc_toggle][vc_toggle title=&#8220;K\u00f6nnt ihr mir mit meiner Auslastung helfen?&#8220; css=&#8220;&#8220;]Wir bieten verschiedene L\u00f6sungen um mit Ihren Kapazit\u00e4ten zu unterst\u00fctzen.<\/p>\n<p>Die einfachste und kostenlose L\u00f6sung ist es, diese bei uns kostenlos zu erfassen udn interessieren Parteien zug\u00e4nglich zu machen Meistens per Email<br \/>\nF\u00fcge einfach unsere Email-Adresse <a href=\"mailto:trucks@aircargobook.com\">trucks@aircargobook.com<\/a> zu eurem Laderaummelder hinzu, wir ver\u00f6ffentlichen eure Kontaktinformationen und leeren LKW bei uns auf der Plattform.[\/vc_toggle][vc_toggle title=&#8220;Kann ich freie Kapazit\u00e4ten selbst eintragen?&#8220; css=&#8220;&#8220;]Du kannst deine freien Kapazit\u00e4ten in unserer <a href=\"\/capacities\/add\">Laderaum Sektion<\/a> kostenlos erfassen und ver\u00f6ffentlichen. Mit wenigen Schritten, erfassen und ver\u00f6ffentlichen Sie ihre freien Kapazit\u00e4ten und machen machen Sie unseren Spediteuren zug\u00e4nglich.[\/vc_toggle][vc_toggle title=&#8220;Wie finde ich schnell den richtigen Partner?&#8220; css=&#8220;&#8220;]Nutzen sie unser breit aufgestelltes <a href=\"\/directory\/index\">Firmenverzeichnis<\/a>, um den richtigen Partner in Europa zu finden.[\/vc_toggle][vc_empty_space height=&#8220;80px&#8220;][\/vc_column][\/vc_row][vc_row][vc_column]<section class=\"contact\">\n\t<div class=\"container\">\n\t\t<div class=\"row\">\n\t\t\t<div class=\"col-md-6\">\n\t\t\t\t<div class=\"contact-area-inner\">\n\t\t\t\t\t<h6>Erfahren Sie mehr \u00fcber aircargobook<\/h6>\n\t\t\t\t\t<h5>We offer seamless solutions for all your aircargo requirements<\/h5>\n\t\t\t\t\t<h2>Sounds interesting?<\/h2>\n\t\t\t\t\t<p>Once you submit your data, one of our experts will contact you to discover your needs and will present you with a tailored solution.<\/p>\n\t\t\t\t\t<small>Don't worry, we will not spam you with emails or phone calls.<\/small>\n\t\t\t\t<\/div>\n\n\t\t\t<\/div>\n\t\t\t<div class=\"col-md-6\">\n\t\t\t\t<div class=\"py-4\">\n\t\t\t\t\t<script\n\t\t\t\t\t\tsrc=\"https:\/\/aircargobook-601145879555511302.myfreshworks.com\/crm\/sales\/web_forms\/cd04833de9e1f5d07fbde1e53dc999afe044af5592fc3dbe0bf73c21c79e92dd\/form.js\"\n\t\t\t\t\t\tcrossorigin=\"anonymous\"\n\t\t\t\t\t\tid=\"cd04833de9e1f5d07fbde1e53dc999afe044af5592fc3dbe0bf73c21c79e92dd_448\"><\/script>\n\t\t\t\t<\/div>\n\t\t\t<\/div>\n\t\t<\/div>\n\t<\/div>\n<\/section>[\/vc_column][\/vc_row][vc_row][vc_column][\/vc_column][\/vc_row][vc_row][vc_column][vc_column_text]<\/div>\n<p>[\/vc_column_text][\/vc_column][\/vc_row]<\/p>\n<\/div>","protected":false},"excerpt":{"rendered":"<p>[vc_row full_width=&#8220;stretch_row_content_no_spaces&#8220; parallax=&#8220;content-moving&#8220; parallax_image=&#8220;722&#8243;][vc_column parallax=&#8220;content-moving&#8220; parallax_image=&#8220;354&#8243; css_animation=&#8220;none&#8220;][vc_empty_space height=&#8220;128&#8243;][vc_empty_space height=&#8220;128&#8243;][vc_column_text css=&#8220;&#8220; el_class=&#8220;title-text-shadow&#8220;] Luftfracht Logistiksoftware aus den Wolken [\/vc_column_text][vc_empty_space height=&#8220;256&#8243;][\/vc_column][\/vc_row][vc_row full_width=&#8220;stretch_row&#8220; css=&#8220;.vc_custom_1729595976192{padding-top: 64px !important;padding-bottom: 64px !important;}&#8220;][vc_column parallax=&#8220;content-moving&#8220; parallax_image=&#8220;354&#8243; css_animation=&#8220;none&#8220;][vc_custom_heading text=&#8220;Entdecken Sie unsere Produkte&#8220; font_container=&#8220;tag:h2|text_align:center&#8220; google_fonts=&#8220;font_family:Magra%3Aregular%2C700|font_style:700%20bold%20regular%3A700%3Anormal&#8220; css=&#8220;&#8220;][vc_empty_space][vc_row_inner][vc_column_inner width=&#8220;1\/3&#8243;][\/vc_column_inner][vc_column_inner width=&#8220;1\/3&#8243;][\/vc_column_inner][vc_column_inner width=&#8220;1\/3&#8243;][\/vc_column_inner][\/vc_row_inner][\/vc_column][\/vc_row][vc_row full_width=&#8220;stretch_row&#8220; css=&#8220;.vc_custom_1730205658295{background-color: #f4f4f4 !important;}&#8220;][vc_column parallax=&#8220;content-moving&#8220; parallax_image=&#8220;354&#8243; css_animation=&#8220;none&#8220;][vc_empty_space][vc_empty_space height=&#8220;64px&#8220;][\/vc_column][\/vc_row][vc_row full_width=&#8220;stretch_row&#8220;][vc_column parallax=&#8220;content-moving&#8220; parallax_image=&#8220;354&#8243; css_animation=&#8220;none&#8220;][vc_empty_space][vc_empty_space height=&#8220;64px&#8220;][\/vc_column][\/vc_row][vc_row full_width=&#8220;stretch_row&#8220; css=&#8220;.vc_custom_1729594202652{background-color: rgba(183,188,191,0.23) !important;*background-color: rgb(183,188,191) [&hellip;]<\/p>\n","protected":false},"author":1,"featured_media":22,"parent":0,"menu_order":5,"comment_status":"closed","ping_status":"closed","template":"templates\/empty.php","meta":{"_acf_changed":false,"footnotes":""},"class_list":["post-88","page","type-page","status-publish","has-post-thumbnail","hentry"],"acf":[],"_links":{"self":[{"href":"https:\/\/www.aircargobook.com\/de\/wp-json\/wp\/v2\/pages\/88","targetHints":{"allow":["GET"]}}],"collection":[{"href":"https:\/\/www.aircargobook.com\/de\/wp-json\/wp\/v2\/pages"}],"about":[{"href":"https:\/\/www.aircargobook.com\/de\/wp-json\/wp\/v2\/types\/page"}],"author":[{"embeddable":true,"href":"https:\/\/www.aircargobook.com\/de\/wp-json\/wp\/v2\/users\/1"}],"replies":[{"embeddable":true,"href":"https:\/\/www.aircargobook.com\/de\/wp-json\/wp\/v2\/comments?post=88"}],"version-history":[{"count":5,"href":"https:\/\/www.aircargobook.com\/de\/wp-json\/wp\/v2\/pages\/88\/revisions"}],"predecessor-version":[{"id":1310,"href":"https:\/\/www.aircargobook.com\/de\/wp-json\/wp\/v2\/pages\/88\/revisions\/1310"}],"wp:featuredmedia":[{"embeddable":true,"href":"https:\/\/www.aircargobook.com\/de\/wp-json\/wp\/v2\/media\/22"}],"wp:attachment":[{"href":"https:\/\/www.aircargobook.com\/de\/wp-json\/wp\/v2\/media?parent=88"}],"curies":[{"name":"wp","href":"https:\/\/api.w.org\/{rel}","templated":true}]}}