{"id":918,"date":"2024-10-07T14:26:57","date_gmt":"2024-10-07T14:26:57","guid":{"rendered":"https:\/\/www.aircargobook.com\/ueber-uns\/"},"modified":"2024-11-14T10:53:40","modified_gmt":"2024-11-14T10:53:40","slug":"ueber-uns","status":"publish","type":"page","link":"https:\/\/www.aircargobook.com\/de\/ueber-uns\/","title":{"rendered":"\u00dcber uns"},"content":{"rendered":"<div class=\"wpb-content-wrapper\"><p>[vc_row full_width=&#8220;stretch_row_content_no_spaces&#8220; parallax=&#8220;content-moving&#8220; parallax_image=&#8220;372&#8243;][vc_column parallax=&#8220;content-moving&#8220; parallax_image=&#8220;401&#8243;][vc_empty_space height=&#8220;128&#8243;][vc_column_text css=&#8220;&#8220;]<\/p>\n<h1 style=\"text-align: center; font-weight: bold; color: #ffffff;\">\u00dcber uns<\/h1>\n<p>[\/vc_column_text][vc_custom_heading text=&#8220;Luftfrachttarife, Marktplatz und Branchennachrichten&#8220; font_container=&#8220;tag:p|text_align:center|color:%23ffffff&#8220; google_fonts=&#8220;font_family:Comfortaa%3A300%2Cregular%2C700|font_style:700%20bold%20regular%3A700%3Anormal&#8220; css=&#8220;.vc_custom_1727272289750{background-color: rgba(18,175,181,0.27) !important;*background-color: rgb(18,175,181) !important;}&#8220;][vc_empty_space height=&#8220;128&#8243;][\/vc_column][\/vc_row][vc_row][vc_column][vc_empty_space height=&#8220;80&#8243;][vc_single_image image=&#8220;22&#8243; img_size=&#8220;large&#8220; alignment=&#8220;center&#8220; css=&#8220;&#8220;][vc_empty_space height=&#8220;32&#8243;][vc_custom_heading text=&#8220;Willkommen bei aircargobook&#8220; font_container=&#8220;tag:h2|text_align:center&#8220; google_fonts=&#8220;font_family:Magra%3Aregular%2C700|font_style:700%20bold%20regular%3A700%3Anormal&#8220; css=&#8220;&#8220;][vc_cta h2=&#8220;Unser Ziel&#8220; css=&#8220;&#8220;]<\/p>\n<div class=\"flex max-w-full flex-col flex-grow\">\n<div class=\"min-h-8 text-message flex w-full flex-col items-end gap-2 whitespace-normal break-words [.text-message+&amp;]:mt-5\" dir=\"auto\" data-message-author-role=\"assistant\" data-message-id=\"28286b63-b2eb-43d5-949b-4c3eb9621f1c\" data-message-model-slug=\"gpt-4o\">\n<div class=\"flex w-full flex-col gap-1 empty:hidden first:pt-[3px]\">\n<div class=\"markdown prose w-full break-words dark:prose-invert dark\">\n<p>Unser Ziel ist es, die Luftfrachtindustrie transparenter und zug\u00e4nglicher zu machen. Mit aircargobook erm\u00f6glichen wir es Spediteuren, Transportunternehmen und Fluggesellschaften, Auslastungen zu optimieren, freie Kapazit\u00e4ten schnell zu finden und zu buchen und so die Frachtplanung zu vereinfachen. Gemeinsam gestalten wir eine effizientere Zukunft f\u00fcr die Luftfrachtbranche.<br \/>Qualit\u00e4t, Innovation und Kundenorientierung stehen bei uns im Mittelpunkt. Seit unserer Gr\u00fcndung streben wir danach, L\u00f6sungen zu entwickeln, die unseren Kunden den Alltag erleichtern und neue Standards setzen. Unser leidenschaftliches Team arbeitet kontinuierlich daran, unser Angebot zu erweitern und die Effizienz in der Luftfrachtbranche voranzutreiben.<br \/>aircargobook.com wurde 2011 aus der Vision heraus gegr\u00fcndet, die Luftfrachtbranche effizienter und vernetzter zu gestalten. Seitdem haben wir unser Angebot st\u00e4ndig weiterentwickelt und sind heute stolz darauf, verschiedenen deutschen sowie internationalen Unternehmen zu volleren Trucks, reduzierten Kosten und besserer digitalen Anbindung verholfen zu haben.  <\/p>\n<\/div>\n<\/div>\n<\/div>\n<\/div>\n<p>[\/vc_cta][vc_empty_space height=&#8220;16&#8243;][vc_custom_heading text=&#8220;Unser Sitz&#8220; font_container=&#8220;tag:h2|text_align:center&#8220; google_fonts=&#8220;font_family:Magra%3Aregular%2C700|font_style:700%20bold%20regular%3A700%3Anormal&#8220; css=&#8220;&#8220;][vc_column_text css=&#8220;&#8220;]<\/p>\n<p style=\"text-align: center;\">Unser B\u00fcro befindet sich im Herzen von Frankfurt am Main, einem wichtigen Drehkreuz der Logistikbranche.<br \/>\nHier arbeiten wir mit unserem Partner, der cr\u00e9\u00e9media GmbH, t\u00e4glich daran, innovative L\u00f6sungen f\u00fcr die Luftfrachtindustrie zu entwickeln.<\/p>\n<p>[\/vc_column_text][vc_gmaps link=&#8220;#E-8_JTNDaWZyYW1lJTIwc3JjJTNEJTIyaHR0cHMlM0ElMkYlMkZ3d3cuZ29vZ2xlLmNvbSUyRm1hcHMlMkZlbWJlZCUzRnBiJTNEJTIxMW0xOCUyMTFtMTIlMjExbTMlMjExZDI1NTkuMDMxODEzMzg5NjUyJTIxMmQ4LjY5Mjk0MTA1ODI5NTI4NCUyMTNkNTAuMTA0NDExNDk4MzQwMyUyMTJtMyUyMTFmMCUyMTJmMCUyMTNmMCUyMTNtMiUyMTFpMTAyNCUyMTJpNzY4JTIxNGYxMy4xJTIxM20zJTIxMW0yJTIxMXMweDQ3YmQwZTg1YzI4ZDc1YjMlMjUzQTB4OTRhNTVjZjZiZGQ2MWM4NiUyMTJ6WTNMRHFjT3BiV1ZrYVdFZ1IyMWlTQSUyMTVlMCUyMTNtMiUyMTFzZGUlMjEyc2RlJTIxNHYxNzI4NDE2NDYyNDMxJTIxNW0yJTIxMXNkZSUyMTJzZGUlMjIlMjB3aWR0aCUzRCUyMjYwMCUyMiUyMGhlaWdodCUzRCUyMjQ1MCUyMiUyMHN0eWxlJTNEJTIyYm9yZGVyJTNBMCUzQiUyMiUyMGFsbG93ZnVsbHNjcmVlbiUzRCUyMiUyMiUyMGxvYWRpbmclM0QlMjJsYXp5JTIyJTIwcmVmZXJyZXJwb2xpY3klM0QlMjJuby1yZWZlcnJlci13aGVuLWRvd25ncmFkZSUyMiUzRSUzQyUyRmlmcmFtZSUzRQ==&#8220; css=&#8220;&#8220;][vc_empty_space height=&#8220;16&#8243;][vc_custom_heading text=&#8220;Allgemeine Fragen&#8220; font_container=&#8220;tag:h2|text_align:center&#8220; google_fonts=&#8220;font_family:Magra%3Aregular%2C700|font_style:700%20bold%20regular%3A700%3Anormal&#8220; css=&#8220;&#8220;][vc_tta_accordion][vc_tta_section title=&#8220;Angebot anfordern&#8220; tab_id=&#8220;1727274287058-2f6200df-918a&#8220;][vc_column_text css=&#8220;&#8220;]Sie wollen Ihre Prozesse digitalisieren oder optimieren? Verlassen Sie sich auf unsere Expertise und kontaktieren Sie uns einfach \u00fcber eine Mail an <a rel=\"noopener\">support@aircargobook.com<\/a>. Wir helfen, beim Onboarding und erkennen die Bed\u00fcrfnisse unserer Kunden h\u00e4ufig fr\u00fcher als sie selbst. Ihre IT-Abteilung wird es lieben. Abgesehen von unseren Apps, sind keine Installationen notwendig und manuelle Updates sind kaum noch erforderlich &#8211; probieren Sie es noch heute aus![\/vc_column_text][\/vc_tta_section][\/vc_tta_accordion][\/vc_column][\/vc_row][vc_row][vc_column][vc_empty_space height=&#8220;128&#8243;]<section class=\"contact\">\n\t<div class=\"container\">\n\t\t<div class=\"row\">\n\t\t\t<div class=\"col-md-6\">\n\t\t\t\t<div class=\"contact-area-inner\">\n\t\t\t\t\t<h6>Erfahren Sie mehr \u00fcber aircargobook<\/h6>\n\t\t\t\t\t<h5>We offer seamless solutions for all your aircargo requirements<\/h5>\n\t\t\t\t\t<h2>Sounds interesting?<\/h2>\n\t\t\t\t\t<p>Once you submit your data, one of our experts will contact you to discover your needs and will present you with a tailored solution.<\/p>\n\t\t\t\t\t<small>Don't worry, we will not spam you with emails or phone calls.<\/small>\n\t\t\t\t<\/div>\n\n\t\t\t<\/div>\n\t\t\t<div class=\"col-md-6\">\n\t\t\t\t<div class=\"py-4\">\n\t\t\t\t\t<script\n\t\t\t\t\t\tsrc=\"https:\/\/aircargobook-601145879555511302.myfreshworks.com\/crm\/sales\/web_forms\/cd04833de9e1f5d07fbde1e53dc999afe044af5592fc3dbe0bf73c21c79e92dd\/form.js\"\n\t\t\t\t\t\tcrossorigin=\"anonymous\"\n\t\t\t\t\t\tid=\"cd04833de9e1f5d07fbde1e53dc999afe044af5592fc3dbe0bf73c21c79e92dd_448\"><\/script>\n\t\t\t\t<\/div>\n\t\t\t<\/div>\n\t\t<\/div>\n\t<\/div>\n<\/section>[\/vc_column][\/vc_row]<\/p>\n<\/div>","protected":false},"excerpt":{"rendered":"<p>[vc_row full_width=&#8220;stretch_row_content_no_spaces&#8220; parallax=&#8220;content-moving&#8220; parallax_image=&#8220;372&#8243;][vc_column parallax=&#8220;content-moving&#8220; parallax_image=&#8220;401&#8243;][vc_empty_space height=&#8220;128&#8243;][vc_column_text css=&#8220;&#8220;] \u00dcber uns [\/vc_column_text][vc_custom_heading text=&#8220;Luftfrachttarife, Marktplatz und Branchennachrichten&#8220; font_container=&#8220;tag:p|text_align:center|color:%23ffffff&#8220; google_fonts=&#8220;font_family:Comfortaa%3A300%2Cregular%2C700|font_style:700%20bold%20regular%3A700%3Anormal&#8220; css=&#8220;.vc_custom_1727272289750{background-color: rgba(18,175,181,0.27) !important;*background-color: rgb(18,175,181) !important;}&#8220;][vc_empty_space height=&#8220;128&#8243;][\/vc_column][\/vc_row][vc_row][vc_column][vc_empty_space height=&#8220;80&#8243;][vc_single_image image=&#8220;22&#8243; img_size=&#8220;large&#8220; alignment=&#8220;center&#8220; css=&#8220;&#8220;][vc_empty_space height=&#8220;32&#8243;][vc_custom_heading text=&#8220;Willkommen bei aircargobook&#8220; font_container=&#8220;tag:h2|text_align:center&#8220; google_fonts=&#8220;font_family:Magra%3Aregular%2C700|font_style:700%20bold%20regular%3A700%3Anormal&#8220; css=&#8220;&#8220;][vc_cta h2=&#8220;Unser Ziel&#8220; css=&#8220;&#8220;] Unser Ziel ist es, die Luftfrachtindustrie transparenter und zug\u00e4nglicher zu machen. Mit aircargobook erm\u00f6glichen wir es Spediteuren, [&hellip;]<\/p>\n","protected":false},"author":1,"featured_media":0,"parent":0,"menu_order":2,"comment_status":"closed","ping_status":"closed","template":"templates\/empty.php","meta":{"_acf_changed":false,"footnotes":""},"class_list":["post-918","page","type-page","status-publish","hentry"],"acf":[],"_links":{"self":[{"href":"https:\/\/www.aircargobook.com\/de\/wp-json\/wp\/v2\/pages\/918","targetHints":{"allow":["GET"]}}],"collection":[{"href":"https:\/\/www.aircargobook.com\/de\/wp-json\/wp\/v2\/pages"}],"about":[{"href":"https:\/\/www.aircargobook.com\/de\/wp-json\/wp\/v2\/types\/page"}],"author":[{"embeddable":true,"href":"https:\/\/www.aircargobook.com\/de\/wp-json\/wp\/v2\/users\/1"}],"replies":[{"embeddable":true,"href":"https:\/\/www.aircargobook.com\/de\/wp-json\/wp\/v2\/comments?post=918"}],"version-history":[{"count":6,"href":"https:\/\/www.aircargobook.com\/de\/wp-json\/wp\/v2\/pages\/918\/revisions"}],"predecessor-version":[{"id":1104,"href":"https:\/\/www.aircargobook.com\/de\/wp-json\/wp\/v2\/pages\/918\/revisions\/1104"}],"wp:attachment":[{"href":"https:\/\/www.aircargobook.com\/de\/wp-json\/wp\/v2\/media?parent=918"}],"curies":[{"name":"wp","href":"https:\/\/api.w.org\/{rel}","templated":true}]}}