{"id":996,"date":"2024-10-11T12:28:38","date_gmt":"2024-10-11T12:28:38","guid":{"rendered":"https:\/\/www.aircargobook.com\/unsere-loesungen\/transport-management\/"},"modified":"2024-11-20T11:19:05","modified_gmt":"2024-11-20T11:19:05","slug":"transport-management","status":"publish","type":"page","link":"https:\/\/www.aircargobook.com\/de\/unsere-loesungen\/transport-management\/","title":{"rendered":"Transport Management"},"content":{"rendered":"<div class=\"wpb-content-wrapper\"><p>[vc_row][vc_column][vc_column_text css=&#8220;&#8220;]Die <strong>Verwaltung eingehender <\/strong><strong>Transportanfragen<\/strong>, die <strong>Abwicklung und Planung von Touren<\/strong> zusammen mit Partnern, eine <strong>effiziente Kundenkommunikation<\/strong>, <strong>transparente Statusberichte<\/strong> und <strong>Zustellnachweise<\/strong> sind nur einige der wesentlichen Anforderungen f\u00fcr die Arbeit eines modernen Speditions- und Transportunternehmens. Unser Transportmanagementsystem unterst\u00fctzt Sie dabei, <strong>diese Ziele zu erreichen<\/strong>, indem es Ihnen die passenden Werkzeuge f\u00fcr Ihre Aufgaben bereitstellt.[\/vc_column_text][vc_custom_heading text=&#8220;Sammeln Sie Anfragen aus verschiedenen Quellen&#8220; google_fonts=&#8220;font_family:Open%20Sans%3A300%2C300italic%2Cregular%2Citalic%2C600%2C600italic%2C700%2C700italic%2C800%2C800italic|font_style:400%20regular%3A400%3Anormal&#8220; css=&#8220;&#8220;][vc_column_text css=&#8220;&#8220;]<\/p>\n<div class=\"col-md-12\">\n<p><span style=\"font-family: inherit; font-size: 16px;\">Unabh\u00e4ngig davon, ob Sie Ihre Sendungen selbst erfassen, Ihre Kunden diese eintragen lassen oder die Daten \u00fcber eine Schnittstelle ins System gelangen \u2013 alle guten Prozesse beginnen mit sauberen Daten. Wir bieten Ihnen und Ihren Kunden verschiedene moderne Eingabem\u00f6glichkeiten als Standard oder empfangen Ihre Daten \u00fcber SITA, E-Mail, Excel und zahlreiche andere Kan\u00e4le. <\/span><\/p>\n<\/div>\n<div class=\"col-12\">\n<div class=\"text-2-cols\">\n<p>In den letzten zehn Jahren haben wir viele Herausforderungen beim Import von Daten aus verschiedenen Quellen gemeistert und m\u00f6chten Ihnen helfen, Ihre Arbeitsabl\u00e4ufe zu optimieren und das Risiko menschlicher Fehler zu minimieren.<\/p>\n<\/div>\n<\/div>\n<p>[\/vc_column_text][\/vc_column][\/vc_row][vc_row][vc_column width=&#8220;1\/2&#8243;][vc_custom_heading text=&#8220;Planen Sie FTL und LTL Transporte&#8220; google_fonts=&#8220;font_family:Open%20Sans%3A300%2C300italic%2Cregular%2Citalic%2C600%2C600italic%2C700%2C700italic%2C800%2C800italic|font_style:400%20regular%3A400%3Anormal&#8220; css=&#8220;&#8220;][vc_column_text css=&#8220;&#8220;]Wenn Sie kein eigenes System zur Tourenplanung haben, k\u00f6nnen Sie einfach unseres nutzen. Erstellen Sie eine neue Tour aus einer oder mehreren Sendungen mit beliebigen Lade- und Entladestellen. Schnittstellen m\u00fcssen Sie dabei nicht beachten \u2013 die gesamte Planung kann innerhalb unserer Webanwendungen erfolgen. Unser System gruppiert automatisch Sendungen mit nahegelegenen Stopps, berechnet die Auslastungsfaktoren und Lademeter der Lkw ohne zus\u00e4tzlichen Aufwand und f\u00fcgt Informationen zu allen standardm\u00e4\u00dfigen Ladeeinheiten hinzu. Ihre Aufgabe ist lediglich, der Plattform mitzuteilen, welche Sendungen in welchem Truck, von welchem Fahrer transportiert werden sollen. Spezielle Handhabungscodes (Handling Codes) und Fahrzeuginformationen werden klar und \u00fcbersichtlich angezeigt, sodass Sie stets wissen, ob ein Megatrailer oder besondere Ausr\u00fcstung ben\u00f6tigt wird.[\/vc_column_text][\/vc_column][vc_column width=&#8220;1\/2&#8243;][vc_single_image image=&#8220;582&#8243; img_size=&#8220;full&#8220; css=&#8220;&#8220;][\/vc_column][\/vc_row][vc_row][vc_column width=&#8220;1\/2&#8243;][vc_custom_heading text=&#8220;Ver\u00f6ffentlichen Sie geplante Touren&#8220; google_fonts=&#8220;font_family:Open%20Sans%3A300%2C300italic%2Cregular%2Citalic%2C600%2C600italic%2C700%2C700italic%2C800%2C800italic|font_style:400%20regular%3A400%3Anormal&#8220; css=&#8220;&#8220;][vc_column_text css=&#8220;&#8220;]<\/p>\n<div class=\"row product__item__argument\">\n<div class=\"col-md-12\">\n<p><span style=\"font-family: inherit; font-size: 16px;\">e nach Ihren Betriebsabl\u00e4ufen k\u00f6nnen Sie Touren f\u00fcr Ihr Team, Ihre Kunden oder Subunternehmer ver\u00f6ffentlichen. Sobald Sie einen internen oder externen Transportpartner zuweisen, werden alle Beteiligten \u00fcber die bevorstehende Tour informiert. Wir halten Sie \u00fcber zugewiesene Fahrer und eingegangene Status-Updates auf dem Laufenden und erm\u00f6glichen Ihnen den Zugriff auf, sowie das Hochladen von PODs und Dokumenten f\u00fcr Ihre Tour.  <\/span><\/p>\n<\/div>\n<\/div>\n<p>[\/vc_column_text][\/vc_column][vc_column width=&#8220;1\/2&#8243;][vc_custom_heading text=&#8220;Nachrichten und APIs&#8220; google_fonts=&#8220;font_family:Open%20Sans%3A300%2C300italic%2Cregular%2Citalic%2C600%2C600italic%2C700%2C700italic%2C800%2C800italic|font_style:400%20regular%3A400%3Anormal&#8220; css=&#8220;&#8220;][vc_column_text css=&#8220;&#8220;]Kommunikation und Datenaustausch sind entscheidend! Aus diesem Grund ist unsere gesamte Produktreihe von Grund auf mit Zug\u00e4nglichkeit \u00fcber unsere eigenen APIs aufgebaut. Wir erm\u00f6glichen es Ihren Teams, alle Daten auf unserer Plattform zu lesen und zu schreiben und diese mit internen Systemen zu verbinden. Nehmen Sie Kontakt mit unserem Integrationsteam auf, um Optionen zu besprechen, oder helfen Sie sich selbst, indem Sie unsere Dokumentationen auf <a href=\"http:\/\/docs.aircargobook.com\/\">docs.aircargobook.com<\/a> einsehen. Daten k\u00f6nnen per E-Mail, Webhooks, SFTP, FTP, SQS oder \u00fcber einfach zu verwendende Datei-Uploads in unserer Weboberfl\u00e4che importiert werden.[\/vc_column_text][\/vc_column][\/vc_row][vc_row][vc_column][\/vc_column][\/vc_row][vc_row][vc_column width=&#8220;1\/2&#8243;][vc_single_image image=&#8220;585&#8243; img_size=&#8220;full&#8220; css=&#8220;&#8220;][\/vc_column][vc_column width=&#8220;1\/2&#8243;][vc_custom_heading text=&#8220;Status Updates empfangen&#8220; google_fonts=&#8220;font_family:Open%20Sans%3A300%2C300italic%2Cregular%2Citalic%2C600%2C600italic%2C700%2C700italic%2C800%2C800italic|font_style:400%20regular%3A400%3Anormal&#8220; css=&#8220;&#8220;][vc_column_text css=&#8220;&#8220;]<\/p>\n<div class=\"row product__item__argument\">\n<div class=\"col-md-12\"><span style=\"font-family: inherit;\">Jede geplante und ver\u00f6ffentlichte Tour kann Statusinformationen von Ihrem Transportunternehmen \u00fcber unsere kostenlose mobile App oder durch Anbindung an Ihre Bordger\u00e4te empfangen.<\/span><\/div>\n<\/div>\n<div class=\"row product__item__argument\">\n<div class=\"col-md-12\"><\/div>\n<div class=\"col-12\">\n<div class=\"text-2-cols\">\n<p>&nbsp;<\/p>\n<\/div>\n<\/div>\n<\/div>\n<p>[\/vc_column_text][vc_custom_heading text=&#8220;Reports&#8220; google_fonts=&#8220;font_family:Open%20Sans%3A300%2C300italic%2Cregular%2Citalic%2C600%2C600italic%2C700%2C700italic%2C800%2C800italic|font_style:400%20regular%3A400%3Anormal&#8220; css=&#8220;&#8220;][vc_column_text css=&#8220;&#8220;]Die besten Prozesse haben keinen Wert, wenn Sie nicht zeigen k\u00f6nnen, wie gut Ihr Unternehmen arbeitet. Wie entwickelt sich die Fahrzeugauslastung? Wie schneiden Sie bei Transporten zu h\u00e4ufig bedienten Zielen ab? Daher bieten wir mit jedem Konto ein hochgradig anpassbares Performance-Dashboard ohne zus\u00e4tzliche Kosten an. Sie erhalten einen einfach zu lesenden, detaillierten Excel- und CSV-Export sowie Zugang zu all Ihren Transportdaten \u00fcber unsere API. Wenn Sie mehr ben\u00f6tigen, als in unserem Standardpaket enthalten ist, nehmen Sie Kontakt mit unserem Reporting- oder Support-Team auf, und wir finden eine L\u00f6sung, um die L\u00fccken zu schlie\u00dfen. Alle Daten sind in Echtzeit \u00fcber unsere API\/EDI verf\u00fcgbar. Vorgefertigte Berichte werden alle 12 Stunden aktualisiert.[\/vc_column_text][\/vc_column][\/vc_row][vc_row][vc_column]<section class=\"support-area\">\n\t<div class=\"container\">\n\t\t<div class=\"row\">\n\t\t\t<div class=\"col-12\">\n\t\t\t\t<div class=\"support-inner\">\n\t\t\t\t\t<div class=\"support-text\">\n\t\t\t\t\t\t<h6>Your IT department will love it.<\/h6>\n\t\t\t\t\t\t<h2>\n\t\t\t\t\t\t\tNo installation or manual updates needed - try it out today! Great support around when ever you need it\t\t\t\t\t\t<\/h2>\n\t\t\t\t\t<\/div>\n\n\t\t\t\t\t<div class=\"support-btm\">\n\t\t\t\t\t\t<div class=\"support-btm-single\">\n\t\t\t\t\t\t\t<div class=\"support-icon\">\n\t\t\t\t\t\t\t\t<img decoding=\"async\" src=\"https:\/\/www.aircargobook.com\/wp-content\/themes\/acb-theme\/assets\/img\/call.png\"\n\t\t\t\t\t\t\t\t\talt=\"Call Icon\" \/>\n\t\t\t\t\t\t\t<\/div>\n\n\t\t\t\t\t\t\t<div>\n\t\t\t\t\t\t\t\t<h6>\n\t\t\t\t\t\t\t\t\tPhone\t\t\t\t\t\t\t\t<\/h6>\n\t\t\t\t\t\t\t\t<a href=\"tel:+4969348771498\">+49 69 348 771 49 8<\/a>\n\t\t\t\t\t\t\t<\/div>\n\t\t\t\t\t\t<\/div>\n\n\t\t\t\t\t\t<div class=\"or\">\n\t\t\t\t\t\t\t<span>or<\/span>\n\t\t\t\t\t\t<\/div>\n\n\t\t\t\t\t\t<div class=\"support-btm-single\">\n\t\t\t\t\t\t\t<div class=\"support-icon\">\n\t\t\t\t\t\t\t\t<img decoding=\"async\" src=\"https:\/\/www.aircargobook.com\/wp-content\/themes\/acb-theme\/assets\/img\/mail.png\"\n\t\t\t\t\t\t\t\t\talt=\"Mail Icon\" \/>\n\t\t\t\t\t\t\t<\/div>\n\n\t\t\t\t\t\t\t<div>\n\t\t\t\t\t\t\t\t<h6>\n\t\t\t\t\t\t\t\t\tEmail\t\t\t\t\t\t\t\t<\/h6>\n\t\t\t\t\t\t\t\t<a href=\"mailto:support@aircargobook.com\"\n\t\t\t\t\t\t\t\t\tclass=\"marigold-text\">support@aircargobook.com<\/a>\n\t\t\t\t\t\t\t<\/div>\n\t\t\t\t\t\t<\/div>\n\t\t\t\t\t<\/div>\n\t\t\t\t<\/div>\n\t\t\t<\/div>\n\t\t<\/div>\n\t<\/div>\n<\/section>[\/vc_column][\/vc_row]<\/p>\n<\/div>","protected":false},"excerpt":{"rendered":"<p>[vc_row][vc_column][vc_column_text css=&#8220;&#8220;]Die Verwaltung eingehender Transportanfragen, die Abwicklung und Planung von Touren zusammen mit Partnern, eine effiziente Kundenkommunikation, transparente Statusberichte und Zustellnachweise sind nur einige der wesentlichen Anforderungen f\u00fcr die Arbeit eines modernen Speditions- und Transportunternehmens. Unser Transportmanagementsystem unterst\u00fctzt Sie dabei, diese Ziele zu erreichen, indem es Ihnen die passenden Werkzeuge f\u00fcr Ihre Aufgaben bereitstellt.[\/vc_column_text][vc_custom_heading text=&#8220;Sammeln [&hellip;]<\/p>\n","protected":false},"author":1,"featured_media":0,"parent":88,"menu_order":9,"comment_status":"closed","ping_status":"closed","template":"templates\/product.php","meta":{"_acf_changed":false,"footnotes":""},"class_list":["post-996","page","type-page","status-publish","hentry"],"acf":[],"_links":{"self":[{"href":"https:\/\/www.aircargobook.com\/de\/wp-json\/wp\/v2\/pages\/996","targetHints":{"allow":["GET"]}}],"collection":[{"href":"https:\/\/www.aircargobook.com\/de\/wp-json\/wp\/v2\/pages"}],"about":[{"href":"https:\/\/www.aircargobook.com\/de\/wp-json\/wp\/v2\/types\/page"}],"author":[{"embeddable":true,"href":"https:\/\/www.aircargobook.com\/de\/wp-json\/wp\/v2\/users\/1"}],"replies":[{"embeddable":true,"href":"https:\/\/www.aircargobook.com\/de\/wp-json\/wp\/v2\/comments?post=996"}],"version-history":[{"count":5,"href":"https:\/\/www.aircargobook.com\/de\/wp-json\/wp\/v2\/pages\/996\/revisions"}],"predecessor-version":[{"id":1192,"href":"https:\/\/www.aircargobook.com\/de\/wp-json\/wp\/v2\/pages\/996\/revisions\/1192"}],"up":[{"embeddable":true,"href":"https:\/\/www.aircargobook.com\/de\/wp-json\/wp\/v2\/pages\/88"}],"wp:attachment":[{"href":"https:\/\/www.aircargobook.com\/de\/wp-json\/wp\/v2\/media?parent=996"}],"curies":[{"name":"wp","href":"https:\/\/api.w.org\/{rel}","templated":true}]}}