{"id":1198,"date":"2025-01-02T22:17:17","date_gmt":"2025-01-02T22:17:17","guid":{"rendered":"https:\/\/www.aircargobook.com\/?page_id=1198"},"modified":"2025-01-02T22:28:40","modified_gmt":"2025-01-02T22:28:40","slug":"cyber-security","status":"publish","type":"page","link":"https:\/\/www.aircargobook.com\/en\/cyber-security\/","title":{"rendered":"Bleiben Sie informiert: Cybersicherheit in der Luftfahrt"},"content":{"rendered":"<div class=\"wpb-content-wrapper\"><p>[vc_row][vc_column width=&#8221;1\/2&#8243;][vc_column_text css=&#8221;&#8221;]<\/p>\n<p class=\"p1\">Die Anforderungen an Cybersicherheit f\u00fcr Unternehmen in der Luftfahrtbranche haben sich durch die Einf\u00fchrung neuer gesetzlicher Vorgaben grundlegend ver\u00e4ndert. Die EU-Verordnung (EU) 2019\/1583 in Verbindung mit dem Luftsicherheitsgesetz (LuftSiG) fordert von Unternehmen, ihre IT-Systeme zu sch\u00fctzen und die Sicherheit ihrer Prozesse zu gew\u00e4hrleisten.<\/p>\n<p class=\"p1\">Wir verstehen, dass diese neuen Anforderungen f\u00fcr viele Unternehmen eine Herausforderung darstellen. Deshalb entwickeln wir derzeit:<\/p>\n<ul>\n<li class=\"p3\"><b>Ein ma\u00dfgeschneidertes Produkt<\/b>, das Ihnen hilft, die gesetzlichen Anforderungen effizient zu erf\u00fcllen.<\/li>\n<li class=\"p3\"><b style=\"font-family: inherit;\">Webinare und Schulungen<\/b><span style=\"font-family: inherit;\">, um Sie und Ihr Team optimal auf die neuen Anforderungen vorzubereiten.<\/span><\/li>\n<\/ul>\n<p class=\"p4\"><b>Warum ist das wichtig?<\/b><b><\/b><\/p>\n<p class=\"p1\">Mit der Einf\u00fchrung dieser Verordnung sind Unternehmen verpflichtet, ihre Cybersicherheit auf den neuesten Stand zu bringen, um Sanktionen und Sicherheitsrisiken zu vermeiden. Die Themen reichen von Schulungen zur Sensibilisierung Ihrer Mitarbeiter bis hin zur Dokumentation Ihrer Sicherheitsma\u00dfnahmen.<\/p>\n<p class=\"p1\">Verpassen Sie keine Updates zu unseren Entwicklungen und profitieren Sie von:<\/p>\n<ul>\n<li class=\"p3\">Exklusiven Informationen zu unseren Produkten.<\/li>\n<li class=\"p3\">Fr\u00fchzeitiger Anmeldung zu Webinaren und Schulungen.<\/li>\n<li class=\"p3\">Praktischen Tipps und Checklisten f\u00fcr die Umsetzung der Cybersicherheitsanforderungen.<\/li>\n<\/ul>\n<p class=\"p1\">Melden Sie sich jetzt f\u00fcr unseren <b>Newsletter<\/b> an, um als erstes von unseren L\u00f6sungen und Angeboten zu erfahren! Gemeinsam schaffen wir eine sichere Grundlage f\u00fcr die Zukunft Ihrer Luftfahrtprozesse.<\/p>\n<p>[\/vc_column_text][\/vc_column][vc_column width=&#8221;1\/2&#8243;][vc_raw_html css=&#8221;&#8221;]JTNDc2NyaXB0JTIwc3JjJTNEJTI3aHR0cHMlM0ElMkYlMkZhaXJjYXJnb2Jvb2stNjAxMTQ1ODc5NTU1NTExMzAyLm15ZnJlc2h3b3Jrcy5jb20lMkZjcm0lMkZzYWxlcyUyRndlYl9mb3JtcyUyRjVhYmRjYjc5YmUyNGNiYTVhMWQ0N2ZlNzU1NmY5YjkxOWQxYWVmMzU0NzJhMThmMWRhZDM4MzNlZmEyZWI0YTklMkZmb3JtLmpzJTI3JTIwY3Jvc3NvcmlnaW4lM0QlMjdhbm9ueW1vdXMlMjclMjBpZCUzRCUyN2ZzXzVhYmRjYjc5YmUyNGNiYTVhMWQ0N2ZlNzU1NmY5YjkxOWQxYWVmMzU0NzJhMThmMWRhZDM4MzNlZmEyZWI0YTklMjclM0UlM0MlMkZzY3JpcHQlM0U=[\/vc_raw_html][\/vc_column][\/vc_row][vc_row][vc_column][\/vc_column][\/vc_row]<\/p>\n<\/div>","protected":false},"excerpt":{"rendered":"<p>[vc_row][vc_column width=&#8221;1\/2&#8243;][vc_column_text css=&#8221;&#8221;] Die Anforderungen an Cybersicherheit f\u00fcr Unternehmen in der Luftfahrtbranche haben sich durch die Einf\u00fchrung neuer gesetzlicher Vorgaben grundlegend ver\u00e4ndert. Die EU-Verordnung (EU) 2019\/1583 in Verbindung mit dem Luftsicherheitsgesetz (LuftSiG) fordert von Unternehmen, ihre IT-Systeme zu sch\u00fctzen und die Sicherheit ihrer Prozesse zu gew\u00e4hrleisten. Wir verstehen, dass diese neuen Anforderungen f\u00fcr viele Unternehmen [&hellip;]<\/p>\n","protected":false},"author":2,"featured_media":0,"parent":0,"menu_order":0,"comment_status":"closed","ping_status":"closed","template":"","meta":{"_acf_changed":false,"footnotes":""},"class_list":["post-1198","page","type-page","status-publish","hentry"],"acf":[],"_links":{"self":[{"href":"https:\/\/www.aircargobook.com\/en\/wp-json\/wp\/v2\/pages\/1198","targetHints":{"allow":["GET"]}}],"collection":[{"href":"https:\/\/www.aircargobook.com\/en\/wp-json\/wp\/v2\/pages"}],"about":[{"href":"https:\/\/www.aircargobook.com\/en\/wp-json\/wp\/v2\/types\/page"}],"author":[{"embeddable":true,"href":"https:\/\/www.aircargobook.com\/en\/wp-json\/wp\/v2\/users\/2"}],"replies":[{"embeddable":true,"href":"https:\/\/www.aircargobook.com\/en\/wp-json\/wp\/v2\/comments?post=1198"}],"version-history":[{"count":3,"href":"https:\/\/www.aircargobook.com\/en\/wp-json\/wp\/v2\/pages\/1198\/revisions"}],"predecessor-version":[{"id":1200,"href":"https:\/\/www.aircargobook.com\/en\/wp-json\/wp\/v2\/pages\/1198\/revisions\/1200"}],"wp:attachment":[{"href":"https:\/\/www.aircargobook.com\/en\/wp-json\/wp\/v2\/media?parent=1198"}],"curies":[{"name":"wp","href":"https:\/\/api.w.org\/{rel}","templated":true}]}}